{"id":10900,"date":"2021-07-29T10:42:58","date_gmt":"2021-07-29T10:42:58","guid":{"rendered":"https:\/\/pre.qustodio.com\/schools\/downloads-for-schools\/"},"modified":"2022-07-19T16:34:01","modified_gmt":"2022-07-19T16:34:01","slug":"downloads-for-schools","status":"publish","type":"page","link":"https:\/\/pre.qustodio.com\/de\/schools\/downloads-for-schools\/","title":{"rendered":"Downloads for schools"},"content":{"rendered":"<p>[et_pb_section fb_built=&#8220;1&#8243; admin_label=&#8220;Hero&#8220; _builder_version=&#8220;4.16&#8243; _module_preset=&#8220;default&#8220; background_color=&#8220;#eff3f6&#8243; background_enable_color=&#8220;on&#8220; background_image=&#8220;https:\/\/static.qustodio.com\/public-site\/uploads\/2021\/08\/10081717\/fill-1-copy%402x.png&#8220; background_enable_image=&#8220;on&#8220; background_size=&#8220;contain&#8220; background_position=&#8220;top_right&#8220; custom_padding=&#8220;48px||48px||false|false&#8220; background_last_edited=&#8220;on|phone&#8220; background_image_phone=&#8220;https:\/\/static.qustodio.com\/public-site\/uploads\/2021\/08\/10082130\/bg-green-copy-2%402x.png&#8220; background_enable_image_phone=&#8220;on&#8220; da_disable_devices=&#8220;off|off|off&#8220; global_colors_info=&#8220;{}&#8220; da_is_popup=&#8220;off&#8220; da_exit_intent=&#8220;off&#8220; da_has_close=&#8220;on&#8220; da_alt_close=&#8220;off&#8220; da_dark_close=&#8220;off&#8220; da_not_modal=&#8220;on&#8220; da_is_singular=&#8220;off&#8220; da_with_loader=&#8220;off&#8220; da_has_shadow=&#8220;on&#8220;][et_pb_row _builder_version=&#8220;4.16&#8243; _module_preset=&#8220;default&#8220; custom_padding=&#8220;||0px||false|false&#8220; global_colors_info=&#8220;{}&#8220;][et_pb_column type=&#8220;4_4&#8243; _builder_version=&#8220;4.16&#8243; _module_preset=&#8220;default&#8220; global_colors_info=&#8220;{}&#8220;][et_pb_text admin_label=&#8220;Text&#8220; _builder_version=&#8220;4.16&#8243; _module_preset=&#8220;default&#8220; global_colors_info=&#8220;{}&#8220;]<\/p>\n<h1 style=\"text-align: center;\">Installieren Sie Qustodio Professional auf jedem Ger\u00e4t, das Sie sch\u00fctzen m\u00f6chten<\/h1>\n<p style=\"text-align: center;\">F\u00fcr Schulen oder andere gro\u00dfe Einrichtungen, <a href=\"https:\/\/products.qustodio.com\/en\/schools-request-more-info\/?utm_source=download&amp;language=de\">kontaktieren Sie uns<\/a> gerne direkt f\u00fcr Eins-zu-eins Kundenbetreuung<\/p>\n<p>[\/et_pb_text][\/et_pb_column][\/et_pb_row][\/et_pb_section][et_pb_section fb_built=&#8220;1&#8243; specialty=&#8220;on&#8220; admin_label=&#8220;Kids Downloads&#8220; _builder_version=&#8220;4.16&#8243; _module_preset=&#8220;default&#8220; background_color=&#8220;#eff3f6&#8243; custom_padding=&#8220;0px||||false|false&#8220; da_disable_devices=&#8220;off|off|off&#8220; global_colors_info=&#8220;{}&#8220; da_is_popup=&#8220;off&#8220; da_exit_intent=&#8220;off&#8220; da_has_close=&#8220;on&#8220; da_alt_close=&#8220;off&#8220; da_dark_close=&#8220;off&#8220; da_not_modal=&#8220;on&#8220; da_is_singular=&#8220;off&#8220; da_with_loader=&#8220;off&#8220; da_has_shadow=&#8220;on&#8220;][et_pb_column type=&#8220;1_3&#8243; _builder_version=&#8220;4.16&#8243; custom_padding=&#8220;|||&#8220; global_colors_info=&#8220;{}&#8220; custom_padding__hover=&#8220;|||&#8220;][et_pb_image src=&#8220;https:\/\/static.qustodio.com\/public-site\/uploads\/2021\/08\/13165736\/Man.png&#8220; title_text=&#8220;Man&#8220; align=&#8220;center&#8220; _builder_version=&#8220;4.16&#8243; _module_preset=&#8220;default&#8220; global_colors_info=&#8220;{}&#8220;][\/et_pb_image][\/et_pb_column][et_pb_column type=&#8220;2_3&#8243; specialty_columns=&#8220;2&#8243; _builder_version=&#8220;4.16&#8243; custom_padding=&#8220;|||&#8220; global_colors_info=&#8220;{}&#8220; custom_padding__hover=&#8220;|||&#8220;][et_pb_row_inner _builder_version=&#8220;4.16&#8243; _module_preset=&#8220;default&#8220; global_colors_info=&#8220;{}&#8220;][et_pb_column_inner saved_specialty_column_type=&#8220;2_3&#8243; admin_label=&#8220;Column&#8220; _builder_version=&#8220;4.16&#8243; _module_preset=&#8220;default&#8220; global_colors_info=&#8220;{}&#8220;][et_pb_text admin_label=&#8220;Text&#8220; _builder_version=&#8220;4.16&#8243; _module_preset=&#8220;default&#8220; custom_margin=&#8220;||24px||false|false&#8220; custom_margin_tablet=&#8220;&#8220; custom_margin_phone=&#8220;||16px||false|false&#8220; custom_margin_last_edited=&#8220;on|phone&#8220; global_colors_info=&#8220;{}&#8220;]<\/p>\n<h3 class=\"p1\"><span>Um ein Ger\u00e4t zu sch\u00fctzen, laden Sie Qustodio herunter<\/span><\/h3>\n<p>[\/et_pb_text][et_pb_text _builder_version=&#8220;4.16&#8243; _module_preset=&#8220;default&#8220; global_colors_info=&#8220;{}&#8220;]<\/p>\n<p><span>Unten finden Sie alle Ger\u00e4te, die Qustodio sch\u00fctzen kann. Klicken Sie darauf, um zu pr\u00fcfen, ob Ihre Ger\u00e4te kompatibel sind und starten Sie den Download. Kontaktieren Sie bei Fragen den Professional Support.<\/span><\/p>\n<p>[\/et_pb_text][\/et_pb_column_inner][\/et_pb_row_inner][et_pb_row_inner column_structure=&#8220;1_2,1_2&#8243; _builder_version=&#8220;4.16&#8243; _module_preset=&#8220;default&#8220; custom_padding=&#8220;0px||||false|false&#8220; global_colors_info=&#8220;{}&#8220;][et_pb_column_inner type=&#8220;1_2&#8243; saved_specialty_column_type=&#8220;2_3&#8243; _builder_version=&#8220;4.16&#8243; _module_preset=&#8220;default&#8220; custom_padding=&#8220;|0px||0px|false|false&#8220; custom_padding_tablet=&#8220;&#8220; custom_padding_phone=&#8220;||||false|false&#8220; custom_padding_last_edited=&#8220;on|phone&#8220; custom_css_main_element=&#8220;margin-bottom: 8px !important;&#8220; global_colors_info=&#8220;{}&#8220; custom_css_before_last_edited=&#8220;on|phone&#8220;][qusd_accordion _builder_version=&#8220;4.9.2&#8243; _module_preset=&#8220;default&#8220; global_colors_info=&#8220;{}&#8220;][qusd_accordion_item title=&#8220;Windows&#8220; open_item=&#8220;on&#8220; font_awesome_icon=&#8220;fab fa-windows&#8220; _builder_version=&#8220;4.9.2&#8243; _module_preset=&#8220;default&#8220; global_colors_info=&#8220;{}&#8220;]<span>Qustodio l\u00e4uft auf allen Windows-Computern mit Windows 7 mit Service Pack 1 und h\u00f6her.<\/span><\/p>\n<p><a href=\"https:\/\/manage.qustodio.com\/download\/windows\" class=\"rck-btn rck-btn--centered rck-btn--medium\"><br \/>\n<span class=\"rck-btn__label\">Download<\/span><br \/>\n<\/a>[\/qusd_accordion_item][qusd_accordion_item title=&#8220;Mac&#8220; font_awesome_icon=&#8220;fab fa-apple&#8220; _builder_version=&#8220;4.9.2&#8243; _module_preset=&#8220;default&#8220; global_colors_info=&#8220;{}&#8220;]Qustodio l\u00e4uft auf allen Mac-Computern mit OS X 10.10 und h\u00f6her.<\/p>\n<p><a class=\"rck-btn rck-btn--centered rck-btn--medium\" href=\"https:\/\/manage.qustodio.com\/download\/mac\"><br \/>\n<span class=\"rck-btn__label\">Download<\/span><br \/>\n<\/a>[\/qusd_accordion_item][qusd_accordion_item title=&#8220;Chromebook&#8220; font_awesome_icon=&#8220;fab fa-chrome&#8220; _builder_version=&#8220;4.9.2&#8243; _module_preset=&#8220;default&#8220; global_colors_info=&#8220;{}&#8220;]<span>Qustodio l\u00e4uft auf Chromebooks mit Google Play (nicht verf\u00fcgbar f\u00fcr Nicht-Chromebook-Ger\u00e4te mit ChromeOS).<\/span><\/p>\n<p><a href=\"https:\/\/chrome.google.com\/webstore\/detail\/qustodio-professional\/bjlblcgcilcmejfclplopbmjjjmkkmdn\" class=\"rck-btn rck-btn--centered rck-btn--medium\"><br \/>\n<span class=\"rck-btn__label\">Download<\/span><br \/>\n<\/a>[\/qusd_accordion_item][\/qusd_accordion][\/et_pb_column_inner][et_pb_column_inner type=&#8220;1_2&#8243; saved_specialty_column_type=&#8220;2_3&#8243; _builder_version=&#8220;4.16&#8243; _module_preset=&#8220;default&#8220; custom_padding=&#8220;|0px||0px|false|false&#8220; global_colors_info=&#8220;{}&#8220;][qusd_accordion _builder_version=&#8220;4.9.2&#8243; _module_preset=&#8220;default&#8220; global_colors_info=&#8220;{}&#8220;][qusd_accordion_item title=&#8220;Android&#8220; open_item=&#8220;on&#8220; font_awesome_icon=&#8220;fab fa-android&#8220; _builder_version=&#8220;4.9.2&#8243; _module_preset=&#8220;default&#8220; module_font=&#8220;||||||||&#8220; module_line_height=&#8220;1.43em&#8220; global_colors_info=&#8220;{}&#8220;]<span>Qustodio l\u00e4uft auf Android- und Amazon Kindle-Ger\u00e4ten mit Android 5.0 oder FireOS 5 und h\u00f6her.<\/span><\/p>\n<p><a href=\"https:\/\/play.google.com\/store\/apps\/details?id=com.qustodio.professional\" class=\"rck-btn rck-btn--centered rck-btn--medium\"><br \/>\n<span class=\"rck-btn__label\">Download<\/span><br \/>\n<\/a>[\/qusd_accordion_item][qusd_accordion_item title=&#8220;iPhone\/iPad&#8220; open_item=&#8220;on&#8220; font_awesome_icon=&#8220;fab fa-apple&#8220; _builder_version=&#8220;4.9.2&#8243; _module_preset=&#8220;default&#8220; global_colors_info=&#8220;{}&#8220;]Qustodio funktioniert auf iOS-Ger\u00e4ten mit iOS 11 und h\u00f6her.<\/p>\n<p><a class=\"rck-btn rck-btn--centered rck-btn--medium\" href=\"https:\/\/manage.qustodio.com\/enroll\/ios\/\"><br \/>\n<span class=\"rck-btn__label\">Download<\/span><br \/>\n<\/a>[\/qusd_accordion_item][qusd_accordion_item title=&#8220;Kindle&#8220; font_awesome_icon=&#8220;fab fa-amazon&#8220; _builder_version=&#8220;4.9.2&#8243; _module_preset=&#8220;default&#8220; global_colors_info=&#8220;{}&#8220;]<span>Qustodio l\u00e4uft auf Android- und Amazon Kindle-Ger\u00e4ten mit Android 5.0 oder FireOS 5 und h\u00f6her.<\/span><\/p>\n<p><a href=\"http:\/\/www.amazon.com\/Qustodio-Professional\/dp\/B00M0UDBYK\" class=\"rck-btn rck-btn--centered rck-btn--medium\"><br \/>\n<span class=\"rck-btn__label\">Download<\/span><br \/>\n<\/a>[\/qusd_accordion_item][\/qusd_accordion][\/et_pb_column_inner][\/et_pb_row_inner][\/et_pb_column][\/et_pb_section][et_pb_section fb_built=&#8220;1&#8243; specialty=&#8220;on&#8220; admin_label=&#8220;Parents Downloads&#8220; _builder_version=&#8220;4.16&#8243; _module_preset=&#8220;default&#8220; background_color=&#8220;#eff3f6&#8243; custom_padding=&#8220;0px||||false|false&#8220; da_disable_devices=&#8220;off|off|off&#8220; global_colors_info=&#8220;{}&#8220; da_is_popup=&#8220;off&#8220; da_exit_intent=&#8220;off&#8220; da_has_close=&#8220;on&#8220; da_alt_close=&#8220;off&#8220; da_dark_close=&#8220;off&#8220; da_not_modal=&#8220;on&#8220; da_is_singular=&#8220;off&#8220; da_with_loader=&#8220;off&#8220; da_has_shadow=&#8220;on&#8220;][et_pb_column type=&#8220;2_3&#8243; specialty_columns=&#8220;2&#8243; _builder_version=&#8220;4.16&#8243; custom_padding=&#8220;|||&#8220; global_colors_info=&#8220;{}&#8220; custom_padding__hover=&#8220;|||&#8220;][et_pb_row_inner _builder_version=&#8220;4.16&#8243; _module_preset=&#8220;default&#8220; global_colors_info=&#8220;{}&#8220;][et_pb_column_inner saved_specialty_column_type=&#8220;2_3&#8243; _builder_version=&#8220;4.16&#8243; _module_preset=&#8220;default&#8220; global_colors_info=&#8220;{}&#8220;][et_pb_image src=&#8220;https:\/\/static.qustodio.com\/public-site\/uploads\/2022\/07\/19161608\/Dashboard_EN-1.png&#8220; title_text=&#8220;Dashboard_EN&#8220; align=&#8220;center&#8220; disabled_on=&#8220;off|off|on&#8220; _builder_version=&#8220;4.17.4&#8243; _module_preset=&#8220;default&#8220; hover_enabled=&#8220;0&#8243; locked=&#8220;off&#8220; global_colors_info=&#8220;{}&#8220; alt=&#8220;Dashboard&#8220; sticky_enabled=&#8220;0&#8243;][\/et_pb_image][\/et_pb_column_inner][\/et_pb_row_inner][et_pb_row_inner _builder_version=&#8220;4.16&#8243; _module_preset=&#8220;default&#8220; global_colors_info=&#8220;{}&#8220;][et_pb_column_inner saved_specialty_column_type=&#8220;2_3&#8243; _builder_version=&#8220;4.16&#8243; _module_preset=&#8220;default&#8220; global_colors_info=&#8220;{}&#8220;][et_pb_text _builder_version=&#8220;4.16&#8243; _module_preset=&#8220;default&#8220; custom_margin=&#8220;||24px||false|false&#8220; custom_margin_tablet=&#8220;&#8220; custom_margin_phone=&#8220;||16px||false|false&#8220; custom_margin_last_edited=&#8220;on|phone&#8220; global_colors_info=&#8220;{}&#8220;]<\/p>\n<h3><span>Zur Verwaltung, besuchen Sie das Dashboard<\/span><\/h3>\n<p>[\/et_pb_text][et_pb_text _builder_version=&#8220;4.16&#8243; _module_preset=&#8220;default&#8220; global_colors_info=&#8220;{}&#8220;]<\/p>\n<p><span>Sobald Qustodio auf jedem der Ger\u00e4te, die Sie sch\u00fctzen m\u00f6chten, installiert ist, k\u00f6nnen Sie \u00fcber das Qustodio Professional Dashboard Ihre Richtlinien verwalten, Aktivit\u00e4ten einsehen und Benachrichtigungen einstellen.<\/span><\/p>\n<p>[\/et_pb_text][\/et_pb_column_inner][\/et_pb_row_inner][et_pb_row_inner column_structure=&#8220;1_2,1_2&#8243; _builder_version=&#8220;4.16&#8243; _module_preset=&#8220;default&#8220; custom_padding=&#8220;0px||||false|false&#8220; global_colors_info=&#8220;{}&#8220;][et_pb_column_inner type=&#8220;1_2&#8243; saved_specialty_column_type=&#8220;2_3&#8243; _builder_version=&#8220;4.16&#8243; _module_preset=&#8220;default&#8220; custom_css_main_element=&#8220;margin-bottom: 8px !important;&#8220; global_colors_info=&#8220;{}&#8220;][qusd_accordion admin_label=&#8220;Accordion&#8220; _builder_version=&#8220;4.9.2&#8243; _module_preset=&#8220;default&#8220; global_colors_info=&#8220;{}&#8220;][qusd_accordion_item title=&#8220;Qustodio Web&#8220; open_item=&#8220;on&#8220; font_awesome_icon=&#8220;far fa-folder-download&#8220; _builder_version=&#8220;4.9.2&#8243; _module_preset=&#8220;default&#8220; global_colors_info=&#8220;{}&#8220;]<span class=\"rck-btn__label\"><\/span><\/p>\n<p><a href=\"https:\/\/manage.qustodio.com\" class=\"rck-btn rck-btn--centered rck-btn--medium\"><span class=\"rck-btn__label\">Einloggen<\/span><br \/>\n<\/a>[\/qusd_accordion_item][\/qusd_accordion][\/et_pb_column_inner][et_pb_column_inner type=&#8220;1_2&#8243; saved_specialty_column_type=&#8220;2_3&#8243; _builder_version=&#8220;4.16&#8243; _module_preset=&#8220;default&#8220; global_colors_info=&#8220;{}&#8220;][\/et_pb_column_inner][\/et_pb_row_inner][\/et_pb_column][et_pb_column type=&#8220;1_3&#8243; _builder_version=&#8220;4.16&#8243; custom_padding=&#8220;|||&#8220; global_colors_info=&#8220;{}&#8220; custom_padding__hover=&#8220;|||&#8220;][et_pb_image src=&#8220;https:\/\/static.qustodio.com\/public-site\/uploads\/2022\/07\/19161608\/Dashboard_EN-1.png&#8220; title_text=&#8220;Dashboard_EN&#8220; align=&#8220;center&#8220; disabled_on=&#8220;on|on|off&#8220; _builder_version=&#8220;4.17.4&#8243; _module_preset=&#8220;default&#8220; hover_enabled=&#8220;0&#8243; global_colors_info=&#8220;{}&#8220; alt=&#8220;Dashboard&#8220; sticky_enabled=&#8220;0&#8243;][\/et_pb_image][\/et_pb_column][\/et_pb_section][et_pb_section fb_built=&#8220;1&#8243; custom_padding_last_edited=&#8220;on|phone&#8220; admin_label=&#8220;Help&#8220; _builder_version=&#8220;4.16&#8243; _module_preset=&#8220;default&#8220; background_color=&#8220;#49C592&#8243; background_enable_color=&#8220;on&#8220; custom_padding=&#8220;72px||72px||true|false&#8220; custom_padding_tablet=&#8220;48px||48px||true|false&#8220; custom_padding_phone=&#8220;48px||48px||true|false&#8220; da_disable_devices=&#8220;off|off|off&#8220; global_colors_info=&#8220;{}&#8220; da_is_popup=&#8220;off&#8220; da_exit_intent=&#8220;off&#8220; da_has_close=&#8220;on&#8220; da_alt_close=&#8220;off&#8220; da_dark_close=&#8220;off&#8220; da_not_modal=&#8220;on&#8220; da_is_singular=&#8220;off&#8220; da_with_loader=&#8220;off&#8220; da_has_shadow=&#8220;on&#8220;][et_pb_row _builder_version=&#8220;4.16&#8243; _module_preset=&#8220;default&#8220; custom_margin=&#8220;0px||0px||false|false&#8220; custom_padding=&#8220;0px||0px||false|false&#8220; global_colors_info=&#8220;{}&#8220;][et_pb_column type=&#8220;4_4&#8243; _builder_version=&#8220;4.16&#8243; _module_preset=&#8220;default&#8220; global_colors_info=&#8220;{}&#8220;][et_pb_text _builder_version=&#8220;4.16&#8243; _module_preset=&#8220;default&#8220; text_text_color=&#8220;#FFFFFF&#8220; header_text_color=&#8220;#FFFFFF&#8220; header_3_text_color=&#8220;#FFFFFF&#8220; custom_margin=&#8220;||24px||false|false&#8220; custom_margin_tablet=&#8220;&#8220; custom_margin_phone=&#8220;||0px||false|false&#8220; custom_margin_last_edited=&#8220;on|tablet&#8220; global_colors_info=&#8220;{}&#8220;]<\/p>\n<h3 style=\"text-align: center\"><span>Das Qustodio Professional Kundenservice-Team hilft Ihnen gerne bei der Implementierung<\/span><\/h3>\n<p>[\/et_pb_text][et_pb_text _builder_version=&#8220;4.16&#8243; _module_preset=&#8220;default&#8220; text_font=&#8220;Poppins|500|||on|||#FFFFFF|&#8220; text_text_color=&#8220;#FFFFFF&#8220; text_font_size=&#8220;20px&#8220; text_orientation=&#8220;center&#8220; custom_margin=&#8220;0px||||false|false&#8220; custom_padding=&#8220;||||false|false&#8220; text_font_phone=&#8220;Poppins|500|||on||||&#8220; text_font_size_phone=&#8220;14px&#8220; global_colors_info=&#8220;{}&#8220;]<\/p>\n<p><i class=\"far fa-info-circle\" style=\"margin-right: 8px;\"><\/i><a href=\"https:\/\/products.qustodio.com\/en\/schools-request-more-info\/?utm_source=download&amp;language=de\">Kontaktieren Sie uns<\/a><\/p>\n<p>[\/et_pb_text][\/et_pb_column][\/et_pb_row][\/et_pb_section]<\/p>\n","protected":false},"excerpt":{"rendered":"<p>Installieren Sie Qustodio Professional auf jedem Ger\u00e4t, das Sie sch\u00fctzen m\u00f6chten F\u00fcr Schulen oder andere gro\u00dfe Einrichtungen, kontaktieren Sie uns gerne direkt f\u00fcr Eins-zu-eins KundenbetreuungUm ein Ger\u00e4t zu sch\u00fctzen, laden Sie Qustodio herunterUnten finden Sie alle Ger\u00e4te, die Qustodio sch\u00fctzen kann. Klicken Sie darauf, um zu pr\u00fcfen, ob Ihre Ger\u00e4te kompatibel sind und starten Sie [&hellip;]<\/p>\n","protected":false},"author":4,"featured_media":0,"parent":8644,"menu_order":0,"comment_status":"closed","ping_status":"closed","template":"","meta":{"_acf_changed":false,"_et_pb_use_builder":"on","_et_pb_old_content":"","_et_gb_content_width":"","footnotes":""},"class_list":["post-10900","page","type-page","status-publish","hentry"],"acf":[],"yoast_head":"<!-- This site is optimized with the Yoast SEO Premium plugin v25.8 (Yoast SEO v25.8) - https:\/\/yoast.com\/wordpress\/plugins\/seo\/ -->\n<title>Downloads for schools | Qustodio<\/title>\n<meta name=\"robots\" content=\"noindex, follow, max-snippet:-1, max-image-preview:large, max-video-preview:-1\" \/>\n<meta property=\"og:locale\" content=\"de_DE\" \/>\n<meta property=\"og:type\" content=\"article\" \/>\n<meta property=\"og:title\" content=\"Downloads for schools\" \/>\n<meta property=\"og:url\" content=\"https:\/\/pre.qustodio.com\/de\/schools\/downloads-for-schools\/\" \/>\n<meta property=\"og:site_name\" content=\"Qustodio\" \/>\n<meta property=\"article:modified_time\" content=\"2022-07-19T16:34:01+00:00\" \/>\n<meta name=\"twitter:card\" content=\"summary_large_image\" \/>\n<meta name=\"twitter:label1\" content=\"Gesch\u00e4tzte Lesezeit\" \/>\n\t<meta name=\"twitter:data1\" content=\"8 Minuten\" \/>\n<script type=\"application\/ld+json\" class=\"yoast-schema-graph\">{\"@context\":\"https:\/\/schema.org\",\"@graph\":[{\"@type\":\"WebPage\",\"@id\":\"https:\/\/pre.qustodio.com\/de\/schools\/downloads-for-schools\/\",\"url\":\"https:\/\/pre.qustodio.com\/de\/schools\/downloads-for-schools\/\",\"name\":\"Downloads for schools | Qustodio\",\"isPartOf\":{\"@id\":\"https:\/\/pre.qustodio.com\/de\/#website\"},\"datePublished\":\"2021-07-29T10:42:58+00:00\",\"dateModified\":\"2022-07-19T16:34:01+00:00\",\"breadcrumb\":{\"@id\":\"https:\/\/pre.qustodio.com\/de\/schools\/downloads-for-schools\/#breadcrumb\"},\"inLanguage\":\"de-DE\",\"potentialAction\":[{\"@type\":\"ReadAction\",\"target\":[\"https:\/\/pre.qustodio.com\/de\/schools\/downloads-for-schools\/\"]}]},{\"@type\":\"BreadcrumbList\",\"@id\":\"https:\/\/pre.qustodio.com\/de\/schools\/downloads-for-schools\/#breadcrumb\",\"itemListElement\":[{\"@type\":\"ListItem\",\"position\":1,\"name\":\"Enterprise | Schools\",\"item\":\"https:\/\/pre.qustodio.com\/de\/schools\/\"},{\"@type\":\"ListItem\",\"position\":2,\"name\":\"Downloads for schools\"}]},{\"@type\":\"WebSite\",\"@id\":\"https:\/\/pre.qustodio.com\/de\/#website\",\"url\":\"https:\/\/pre.qustodio.com\/de\/\",\"name\":\"Qustodio\",\"description\":\"Free parental control app\",\"potentialAction\":[{\"@type\":\"SearchAction\",\"target\":{\"@type\":\"EntryPoint\",\"urlTemplate\":\"https:\/\/pre.qustodio.com\/de\/?s={search_term_string}\"},\"query-input\":{\"@type\":\"PropertyValueSpecification\",\"valueRequired\":true,\"valueName\":\"search_term_string\"}}],\"inLanguage\":\"de-DE\"}]}<\/script>\n<!-- \/ Yoast SEO Premium plugin. -->","yoast_head_json":{"title":"Downloads for schools | Qustodio","robots":{"index":"noindex","follow":"follow","max-snippet":"max-snippet:-1","max-image-preview":"max-image-preview:large","max-video-preview":"max-video-preview:-1"},"og_locale":"de_DE","og_type":"article","og_title":"Downloads for schools","og_url":"https:\/\/pre.qustodio.com\/de\/schools\/downloads-for-schools\/","og_site_name":"Qustodio","article_modified_time":"2022-07-19T16:34:01+00:00","twitter_card":"summary_large_image","twitter_misc":{"Gesch\u00e4tzte Lesezeit":"8 Minuten"},"schema":{"@context":"https:\/\/schema.org","@graph":[{"@type":"WebPage","@id":"https:\/\/pre.qustodio.com\/de\/schools\/downloads-for-schools\/","url":"https:\/\/pre.qustodio.com\/de\/schools\/downloads-for-schools\/","name":"Downloads for schools | Qustodio","isPartOf":{"@id":"https:\/\/pre.qustodio.com\/de\/#website"},"datePublished":"2021-07-29T10:42:58+00:00","dateModified":"2022-07-19T16:34:01+00:00","breadcrumb":{"@id":"https:\/\/pre.qustodio.com\/de\/schools\/downloads-for-schools\/#breadcrumb"},"inLanguage":"de-DE","potentialAction":[{"@type":"ReadAction","target":["https:\/\/pre.qustodio.com\/de\/schools\/downloads-for-schools\/"]}]},{"@type":"BreadcrumbList","@id":"https:\/\/pre.qustodio.com\/de\/schools\/downloads-for-schools\/#breadcrumb","itemListElement":[{"@type":"ListItem","position":1,"name":"Enterprise | Schools","item":"https:\/\/pre.qustodio.com\/de\/schools\/"},{"@type":"ListItem","position":2,"name":"Downloads for schools"}]},{"@type":"WebSite","@id":"https:\/\/pre.qustodio.com\/de\/#website","url":"https:\/\/pre.qustodio.com\/de\/","name":"Qustodio","description":"Free parental control app","potentialAction":[{"@type":"SearchAction","target":{"@type":"EntryPoint","urlTemplate":"https:\/\/pre.qustodio.com\/de\/?s={search_term_string}"},"query-input":{"@type":"PropertyValueSpecification","valueRequired":true,"valueName":"search_term_string"}}],"inLanguage":"de-DE"}]}},"_links":{"self":[{"href":"https:\/\/pre.qustodio.com\/de\/wp-json\/wp\/v2\/pages\/10900","targetHints":{"allow":["GET"]}}],"collection":[{"href":"https:\/\/pre.qustodio.com\/de\/wp-json\/wp\/v2\/pages"}],"about":[{"href":"https:\/\/pre.qustodio.com\/de\/wp-json\/wp\/v2\/types\/page"}],"author":[{"embeddable":true,"href":"https:\/\/pre.qustodio.com\/de\/wp-json\/wp\/v2\/users\/4"}],"replies":[{"embeddable":true,"href":"https:\/\/pre.qustodio.com\/de\/wp-json\/wp\/v2\/comments?post=10900"}],"version-history":[{"count":11,"href":"https:\/\/pre.qustodio.com\/de\/wp-json\/wp\/v2\/pages\/10900\/revisions"}],"predecessor-version":[{"id":34188,"href":"https:\/\/pre.qustodio.com\/de\/wp-json\/wp\/v2\/pages\/10900\/revisions\/34188"}],"up":[{"embeddable":true,"href":"https:\/\/pre.qustodio.com\/de\/wp-json\/wp\/v2\/pages\/8644"}],"wp:attachment":[{"href":"https:\/\/pre.qustodio.com\/de\/wp-json\/wp\/v2\/media?parent=10900"}],"curies":[{"name":"wp","href":"https:\/\/api.w.org\/{rel}","templated":true}]}}