{"id":1742,"date":"2021-07-29T07:50:00","date_gmt":"2021-07-29T07:50:00","guid":{"rendered":"https:\/\/pre.qustodio.com\/legal-notice\/"},"modified":"2024-08-01T12:24:34","modified_gmt":"2024-08-01T12:24:34","slug":"legal-notice","status":"publish","type":"page","link":"https:\/\/pre.qustodio.com\/es\/legal-notice\/","title":{"rendered":"Legal notice"},"content":{"rendered":"<p>[et_pb_section fb_built=\u00bb1&#8243; _builder_version=\u00bb4.16&#8243; _module_preset=\u00bbdefault\u00bb da_disable_devices=\u00bboff|off|off\u00bb global_colors_info=\u00bb{}\u00bb da_is_popup=\u00bboff\u00bb da_exit_intent=\u00bboff\u00bb da_has_close=\u00bbon\u00bb da_alt_close=\u00bboff\u00bb da_dark_close=\u00bboff\u00bb da_not_modal=\u00bbon\u00bb da_is_singular=\u00bboff\u00bb da_with_loader=\u00bboff\u00bb da_has_shadow=\u00bbon\u00bb][et_pb_row _builder_version=\u00bb4.16&#8243; _module_preset=\u00bbdefault\u00bb global_colors_info=\u00bb{}\u00bb][et_pb_column type=\u00bb4_4&#8243; _builder_version=\u00bb4.16&#8243; _module_preset=\u00bbdefault\u00bb global_colors_info=\u00bb{}\u00bb][et_pb_text _builder_version=\u00bb4.20.4&#8243; _module_preset=\u00bbdefault\u00bb global_colors_info=\u00bb{}\u00bb]<\/p>\n<h1>Aviso Legal<\/h1>\n<h2>Quienes somos<\/h2>\n<p>Est\u00e1s accediendo al sitio web de Qustodio Technologies S.L. (\u201cQustodio\u201d, la \u201cCompa\u00f1\u00eda\u201d o \u201cnosotros\u201d) disponible a trav\u00e9s del dominio web\u00a0<a href=\"https:\/\/pre.qustodio.com\/\">pre.qustodio.com<\/a>\u00a0(en adelante, el \u201cSitio Web\u201d).<\/p>\n<p>Qustodio Technologies, S.L. est\u00e1 domiciliada en la calle Roger de Flor, 193, 08013 \u2013 Barcelona, Espa\u00f1a, tiene CIF y est\u00e1 inscrita en el Registro Mercantil de Barcelona, volumen 38188 Hoja B322132 p\u00e1gina 78. Puedes contactar con nosotros en: <a href=\"mailto:info@qustodio.com\">info@qustodio.com<\/a>.<\/p>\n<h2>Propiedad Industrial e Intelectual<\/h2>\n<p>Todos los derechos de propiedad intelectual sobre los contenidos de este Sitio Web incluyendo, de forma no limitativa, im\u00e1genes, marcas, logos, signos distintivos, sonidos y animaciones, textos, grabaciones sonoras, visuales o audiovisuales y bases de datos son propiedad de la Compa\u00f1\u00eda o sus licenciantes y est\u00e1n protegidas por las leyes nacionales e internacionales. Tales derechos est\u00e1n reservados a favor de la Compa\u00f1\u00eda y\/o sus licenciatarios. Queda expresamente prohibida la reproducci\u00f3n, copia, publicaci\u00f3n, distribuci\u00f3n, modificaci\u00f3n, transformaci\u00f3n, eliminaci\u00f3n, manipulaci\u00f3n y cualquier otro uso, con o sin \u00e1nimo de lucro, de todo o parte de este Sitio Web o de cualquiera de sus contenidos, sin la previa autorizaci\u00f3n expresa y por escrito de la Compa\u00f1\u00eda. Qustodio podr\u00e1 ejercer las acciones legales y\/o extrajudiciales que considere oportunas, en caso de una posible violaci\u00f3n de sus derechos.<\/p>\n<h2>Responsabilidad<\/h2>\n<p>Qustodio no se hace responsable de las p\u00e1ginas web de terceros a las que se pueda acceder desde el Sitio Web, ni de la exactitud, veracidad y validez de la informaci\u00f3n del Sitio Web que no sea de elaboraci\u00f3n propia.<\/p>\n<p>No obstante, en virtud del art\u00edculo 17 de la Ley 34\/2002, en caso de que Qustodio tenga conocimiento de la ilicitud de dichos contenidos o enlaces, se compromete a suprimir o inutilizar los mismos, as\u00ed como, en su caso, a bloquear aquellos contenidos que puedan resultar il\u00edcitos o vulneren los derechos de cualquier tercero, de conformidad con los art\u00edculos 11 y 16 de la citada Ley.<\/p>\n<p>Adem\u00e1s, la Compa\u00f1\u00eda no se hace responsable de los da\u00f1os que puedan producirse por fallos o malas configuraciones en el navegador instalado por el usuario en su ordenador. Qustodio no se hace responsable de ninguna incidencia o fallo t\u00e9cnico que se produzca por la conexi\u00f3n del usuario a Internet. Asimismo, no se garantiza la ausencia de interrupciones o errores en el acceso al Sitio Web.<\/p>\n<h2>Protecci\u00f3n de datos personales<\/h2>\n<p>Sus datos personales recogidos en nuestro Sitio Web o cuando contacte con nosotros a trav\u00e9s de correo electr\u00f3nico ser\u00e1n tratados de acuerdo con nuestra\u00a0<a href=\"https:\/\/pre.qustodio.com\/es\/privacy\/\">Pol\u00edtica de Privacidad<\/a><\/p>\n<h2>Cookies<\/h2>\n<p>Puedes obtener toda la informaci\u00f3n sobre el uso de cookies en nuestro Sitio Web consultando nuestra\u00a0<a href=\"https:\/\/pre.qustodio.com\/es\/cookie-policy\/\">Pol\u00edtica de Cookies<\/a>.<\/p>\n<h2>Servicios de Qustodio Family<\/h2>\n<p>Los servicios ofrecidos por Qustodio Family vienen regulados en sus espec\u00edficos\u00a0<a href=\"https:\/\/pre.qustodio.com\/es\/family\/terms\/\">T\u00e9rminos y Condiciones<\/a>\u00a0y\u00a0<a href=\"https:\/\/pre.qustodio.com\/es\/family\/privacy\/\">Pol\u00edticas de Privacidad<\/a>.<\/p>\n<h2>Jurisdicci\u00f3n y ley aplicable<\/h2>\n<p>Este Aviso Legal, incluyendo nuestra Pol\u00edtica de Privacidad y Pol\u00edtica de Cookies, se rige por las leyes espa\u00f1olas. Los tribunales de la ciudad de Barcelona ser\u00e1n competentes para decidir cualquier controversia que surja del uso de nuestro Sitio Web.<\/p>\n<p>[\/et_pb_text][\/et_pb_column][\/et_pb_row][\/et_pb_section]<\/p>\n","protected":false},"excerpt":{"rendered":"<p>Aviso Legal Quienes somos Est\u00e1s accediendo al sitio web de Qustodio Technologies S.L. (\u201cQustodio\u201d, la \u201cCompa\u00f1\u00eda\u201d o \u201cnosotros\u201d) disponible a trav\u00e9s del dominio web\u00a0pre.qustodio.com\u00a0(en adelante, el \u201cSitio Web\u201d). Qustodio Technologies, S.L. est\u00e1 domiciliada en la calle Roger de Flor, 193, 08013 \u2013 Barcelona, Espa\u00f1a, tiene CIF y est\u00e1 inscrita en el Registro Mercantil de Barcelona, [&hellip;]<\/p>\n","protected":false},"author":4,"featured_media":0,"parent":0,"menu_order":0,"comment_status":"closed","ping_status":"closed","template":"","meta":{"_acf_changed":false,"_et_pb_use_builder":"on","_et_pb_old_content":"","_et_gb_content_width":"","footnotes":""},"class_list":["post-1742","page","type-page","status-publish","hentry"],"acf":[],"yoast_head":"<!-- This site is optimized with the Yoast SEO Premium plugin v25.8 (Yoast SEO v25.8) - https:\/\/yoast.com\/wordpress\/plugins\/seo\/ -->\n<title>Legal notice | Qustodio<\/title>\n<meta name=\"robots\" content=\"noindex, follow, max-snippet:-1, max-image-preview:large, max-video-preview:-1\" \/>\n<meta property=\"og:locale\" content=\"es_ES\" \/>\n<meta property=\"og:type\" content=\"article\" \/>\n<meta property=\"og:title\" content=\"Legal notice\" \/>\n<meta property=\"og:url\" content=\"https:\/\/pre.qustodio.com\/es\/legal-notice\/\" \/>\n<meta property=\"og:site_name\" content=\"Qustodio\" \/>\n<meta property=\"article:modified_time\" content=\"2024-08-01T12:24:34+00:00\" \/>\n<meta name=\"twitter:card\" content=\"summary_large_image\" \/>\n<meta name=\"twitter:label1\" content=\"Tiempo de lectura\" \/>\n\t<meta name=\"twitter:data1\" content=\"3 minutos\" \/>\n<script type=\"application\/ld+json\" class=\"yoast-schema-graph\">{\"@context\":\"https:\/\/schema.org\",\"@graph\":[{\"@type\":\"WebPage\",\"@id\":\"https:\/\/pre.qustodio.com\/es\/legal-notice\/\",\"url\":\"https:\/\/pre.qustodio.com\/es\/legal-notice\/\",\"name\":\"Legal notice | Qustodio\",\"isPartOf\":{\"@id\":\"https:\/\/pre.qustodio.com\/es\/#website\"},\"datePublished\":\"2021-07-29T07:50:00+00:00\",\"dateModified\":\"2024-08-01T12:24:34+00:00\",\"inLanguage\":\"es\",\"potentialAction\":[{\"@type\":\"ReadAction\",\"target\":[\"https:\/\/pre.qustodio.com\/es\/legal-notice\/\"]}]},{\"@type\":\"WebSite\",\"@id\":\"https:\/\/pre.qustodio.com\/es\/#website\",\"url\":\"https:\/\/pre.qustodio.com\/es\/\",\"name\":\"Qustodio\",\"description\":\"Free parental control app\",\"potentialAction\":[{\"@type\":\"SearchAction\",\"target\":{\"@type\":\"EntryPoint\",\"urlTemplate\":\"https:\/\/pre.qustodio.com\/es\/?s={search_term_string}\"},\"query-input\":{\"@type\":\"PropertyValueSpecification\",\"valueRequired\":true,\"valueName\":\"search_term_string\"}}],\"inLanguage\":\"es\"}]}<\/script>\n<!-- \/ Yoast SEO Premium plugin. -->","yoast_head_json":{"title":"Legal notice | Qustodio","robots":{"index":"noindex","follow":"follow","max-snippet":"max-snippet:-1","max-image-preview":"max-image-preview:large","max-video-preview":"max-video-preview:-1"},"og_locale":"es_ES","og_type":"article","og_title":"Legal notice","og_url":"https:\/\/pre.qustodio.com\/es\/legal-notice\/","og_site_name":"Qustodio","article_modified_time":"2024-08-01T12:24:34+00:00","twitter_card":"summary_large_image","twitter_misc":{"Tiempo de lectura":"3 minutos"},"schema":{"@context":"https:\/\/schema.org","@graph":[{"@type":"WebPage","@id":"https:\/\/pre.qustodio.com\/es\/legal-notice\/","url":"https:\/\/pre.qustodio.com\/es\/legal-notice\/","name":"Legal notice | Qustodio","isPartOf":{"@id":"https:\/\/pre.qustodio.com\/es\/#website"},"datePublished":"2021-07-29T07:50:00+00:00","dateModified":"2024-08-01T12:24:34+00:00","inLanguage":"es","potentialAction":[{"@type":"ReadAction","target":["https:\/\/pre.qustodio.com\/es\/legal-notice\/"]}]},{"@type":"WebSite","@id":"https:\/\/pre.qustodio.com\/es\/#website","url":"https:\/\/pre.qustodio.com\/es\/","name":"Qustodio","description":"Free parental control app","potentialAction":[{"@type":"SearchAction","target":{"@type":"EntryPoint","urlTemplate":"https:\/\/pre.qustodio.com\/es\/?s={search_term_string}"},"query-input":{"@type":"PropertyValueSpecification","valueRequired":true,"valueName":"search_term_string"}}],"inLanguage":"es"}]}},"_links":{"self":[{"href":"https:\/\/pre.qustodio.com\/es\/wp-json\/wp\/v2\/pages\/1742","targetHints":{"allow":["GET"]}}],"collection":[{"href":"https:\/\/pre.qustodio.com\/es\/wp-json\/wp\/v2\/pages"}],"about":[{"href":"https:\/\/pre.qustodio.com\/es\/wp-json\/wp\/v2\/types\/page"}],"author":[{"embeddable":true,"href":"https:\/\/pre.qustodio.com\/es\/wp-json\/wp\/v2\/users\/4"}],"replies":[{"embeddable":true,"href":"https:\/\/pre.qustodio.com\/es\/wp-json\/wp\/v2\/comments?post=1742"}],"version-history":[{"count":7,"href":"https:\/\/pre.qustodio.com\/es\/wp-json\/wp\/v2\/pages\/1742\/revisions"}],"predecessor-version":[{"id":67663,"href":"https:\/\/pre.qustodio.com\/es\/wp-json\/wp\/v2\/pages\/1742\/revisions\/67663"}],"wp:attachment":[{"href":"https:\/\/pre.qustodio.com\/es\/wp-json\/wp\/v2\/media?parent=1742"}],"curies":[{"name":"wp","href":"https:\/\/api.w.org\/{rel}","templated":true}]}}