{"id":573,"date":"2021-07-28T11:43:49","date_gmt":"2021-07-28T11:43:49","guid":{"rendered":"https:\/\/pre.qustodio.com\/contact-us\/"},"modified":"2024-02-09T11:26:39","modified_gmt":"2024-02-09T11:26:39","slug":"contacto","status":"publish","type":"page","link":"https:\/\/pre.qustodio.com\/es\/contacto\/","title":{"rendered":"Contacto"},"content":{"rendered":"<p>[et_pb_section fb_built=\u00bb1&#8243; _builder_version=\u00bb4.16&#8243; _module_preset=\u00bbdefault\u00bb da_disable_devices=\u00bboff|off|off\u00bb global_colors_info=\u00bb{}\u00bb da_is_popup=\u00bboff\u00bb da_exit_intent=\u00bboff\u00bb da_has_close=\u00bbon\u00bb da_alt_close=\u00bboff\u00bb da_dark_close=\u00bboff\u00bb da_not_modal=\u00bbon\u00bb da_is_singular=\u00bboff\u00bb da_with_loader=\u00bboff\u00bb da_has_shadow=\u00bbon\u00bb][et_pb_row _builder_version=\u00bb4.16&#8243; _module_preset=\u00bbdefault\u00bb global_colors_info=\u00bb{}\u00bb][et_pb_column type=\u00bb4_4&#8243; _builder_version=\u00bb4.16&#8243; _module_preset=\u00bbdefault\u00bb global_colors_info=\u00bb{}\u00bb][et_pb_text _builder_version=\u00bb4.16&#8243; _module_preset=\u00bbdefault\u00bb global_colors_info=\u00bb{}\u00bb]<\/p>\n<h1 style=\"text-align: center;\">Contacto<\/h1>\n<p>[\/et_pb_text][\/et_pb_column][\/et_pb_row][et_pb_row column_structure=\u00bb1_2,1_4,1_4&#8243; _builder_version=\u00bb4.16&#8243; _module_preset=\u00bbdefault\u00bb custom_padding=\u00bb||3px|||\u00bb global_colors_info=\u00bb{}\u00bb][et_pb_column type=\u00bb1_2&#8243; _builder_version=\u00bb4.16&#8243; _module_preset=\u00bbdefault\u00bb global_colors_info=\u00bb{}\u00bb][et_pb_text _builder_version=\u00bb4.16&#8243; _module_preset=\u00bbdefault\u00bb global_colors_info=\u00bb{}\u00bb]<\/p>\n<h3>Atenci\u00f3n al cliente<\/h3>\n<p>Para obtener soporte t\u00e9cnico, visita nuestra secci\u00f3n <a href=\"https:\/\/help.qustodio.com\/hc\/es\">Ayuda<\/a>. En ella encontrar\u00e1s respuestas a las preguntas m\u00e1s frecuentes de nuestros usuarios.<\/p>\n<p>[\/et_pb_text][\/et_pb_column][et_pb_column type=\u00bb1_4&#8243; _builder_version=\u00bb4.16&#8243; _module_preset=\u00bbdefault\u00bb global_colors_info=\u00bb{}\u00bb][et_pb_text _builder_version=\u00bb4.16&#8243; _module_preset=\u00bbdefault\u00bb global_colors_info=\u00bb{}\u00bb]<\/p>\n<p><strong>Oficina en EE. UU.<\/strong><br \/><span>227 W Trade St #1100<\/span><br \/><span>Carillon Tower<\/span><br \/><span>Charlotte, NC 28202 USA<\/span><\/p>\n<p>[\/et_pb_text][\/et_pb_column][et_pb_column type=\u00bb1_4&#8243; _builder_version=\u00bb4.16&#8243; _module_preset=\u00bbdefault\u00bb global_colors_info=\u00bb{}\u00bb][et_pb_text _builder_version=\u00bb4.16&#8243; _module_preset=\u00bbdefault\u00bb global_colors_info=\u00bb{}\u00bb]<\/p>\n<p><strong>Oficina en Europa<\/strong><br \/>Roger de Flor 193, 08013 Barcelona, Espa\u00f1a<\/p>\n<p>[\/et_pb_text][\/et_pb_column][\/et_pb_row][et_pb_row column_structure=\u00bb1_2,1_2&#8243; _builder_version=\u00bb4.16&#8243; _module_preset=\u00bbdefault\u00bb custom_padding=\u00bb28px|||||\u00bb global_colors_info=\u00bb{}\u00bb][et_pb_column type=\u00bb1_2&#8243; _builder_version=\u00bb4.16&#8243; _module_preset=\u00bbdefault\u00bb global_colors_info=\u00bb{}\u00bb][et_pb_text _builder_version=\u00bb4.16&#8243; _module_preset=\u00bbdefault\u00bb global_colors_info=\u00bb{}\u00bb]<\/p>\n<h3><span>Oportunidades de colaboraci\u00f3n<\/span><\/h3>\n<p><span>Si eres un individuo o una empresa y est\u00e1s interesado en promocionar Qustodio, puedes participar en nuestro Programa de afiliados. Encontrar\u00e1s m\u00e1s informaci\u00f3n en la <\/span><a href=\"https:\/\/pre.qustodio.com\/es\/affiliate-program\/\"><span>p\u00e1gina del programa<\/span><\/a><span>.<\/span><\/p>\n<h3>Trabaja con nosotros<\/h3>\n<p>\u00bfQuieres unirte a nuestro equipo? Somos una empresa en expansi\u00f3n que apuesta por los profesionales con talento. Consulta la secci\u00f3n\u00a0<a href=\"https:\/\/pre.qustodio.com\/es\/careers\/\">Trabaja con nosotros<\/a>.<\/p>\n<p>&nbsp;<\/p>\n<p>&nbsp;<\/p>\n<p>Si tienes alguna otra pregunta, ponte en contacto con nosotros en la direcci\u00f3n\u00a0<a href=\"mailto:info@qustodio.com\">info@qustodio.com<\/a>.<\/p>\n<p>[\/et_pb_text][\/et_pb_column][et_pb_column type=\u00bb1_2&#8243; _builder_version=\u00bb4.16&#8243; _module_preset=\u00bbdefault\u00bb global_colors_info=\u00bb{}\u00bb][et_pb_map address=\u00bbCarrer de Roger de Flor, 193, 08013 Barcelona, Spain\u00bb address_lat=\u00bb41.4005556&#8243; address_lng=\u00bb2.1701721&#8243; _builder_version=\u00bb4.16&#8243; _module_preset=\u00bbdefault\u00bb global_colors_info=\u00bb{}\u00bb][et_pb_map_pin title=\u00bbQustodio\u00bb pin_address=\u00bbCarrer de Roger de Flor, 193, 08013 Barcelona, Espa\u00f1a\u00bb pin_address_lat=\u00bb41.4005556&#8243; pin_address_lng=\u00bb2.1701721&#8243; _builder_version=\u00bb4.9.2&#8243; _module_preset=\u00bbdefault\u00bb qustodio_hide_and_show=\u00bbshow\u00bb global_colors_info=\u00bb{}\u00bb][\/et_pb_map_pin][\/et_pb_map][\/et_pb_column][\/et_pb_row][\/et_pb_section]<\/p>\n","protected":false},"excerpt":{"rendered":"<p>ContactoAtenci\u00f3n al cliente Para obtener soporte t\u00e9cnico, visita nuestra secci\u00f3n Ayuda. En ella encontrar\u00e1s respuestas a las preguntas m\u00e1s frecuentes de nuestros usuarios.Oficina en EE. UU.227 W Trade St #1100Carillon TowerCharlotte, NC 28202 USAOficina en EuropaRoger de Flor 193, 08013 Barcelona, Espa\u00f1aOportunidades de colaboraci\u00f3n Si eres un individuo o una empresa y est\u00e1s interesado en [&hellip;]<\/p>\n","protected":false},"author":5,"featured_media":0,"parent":0,"menu_order":0,"comment_status":"closed","ping_status":"closed","template":"","meta":{"_acf_changed":false,"_et_pb_use_builder":"on","_et_pb_old_content":"","_et_gb_content_width":"","footnotes":""},"class_list":["post-573","page","type-page","status-publish","hentry"],"acf":[],"yoast_head":"<!-- This site is optimized with the Yoast SEO Premium plugin v25.8 (Yoast SEO v25.8) - https:\/\/yoast.com\/wordpress\/plugins\/seo\/ -->\n<title>Contacto | Qustodio<\/title>\n<meta name=\"robots\" content=\"noindex, follow, max-snippet:-1, max-image-preview:large, max-video-preview:-1\" \/>\n<meta property=\"og:locale\" content=\"es_ES\" \/>\n<meta property=\"og:type\" content=\"article\" \/>\n<meta property=\"og:title\" content=\"Contacto\" \/>\n<meta property=\"og:url\" content=\"https:\/\/pre.qustodio.com\/es\/contacto\/\" \/>\n<meta property=\"og:site_name\" content=\"Qustodio\" \/>\n<meta property=\"article:modified_time\" content=\"2024-02-09T11:26:39+00:00\" \/>\n<meta name=\"twitter:card\" content=\"summary_large_image\" \/>\n<meta name=\"twitter:label1\" content=\"Tiempo de lectura\" \/>\n\t<meta name=\"twitter:data1\" content=\"2 minutos\" \/>\n<script type=\"application\/ld+json\" class=\"yoast-schema-graph\">{\"@context\":\"https:\/\/schema.org\",\"@graph\":[{\"@type\":\"WebPage\",\"@id\":\"https:\/\/pre.qustodio.com\/es\/contacto\/\",\"url\":\"https:\/\/pre.qustodio.com\/es\/contacto\/\",\"name\":\"Contacto | Qustodio\",\"isPartOf\":{\"@id\":\"https:\/\/pre.qustodio.com\/es\/#website\"},\"datePublished\":\"2021-07-28T11:43:49+00:00\",\"dateModified\":\"2024-02-09T11:26:39+00:00\",\"inLanguage\":\"es\",\"potentialAction\":[{\"@type\":\"ReadAction\",\"target\":[\"https:\/\/pre.qustodio.com\/es\/contacto\/\"]}]},{\"@type\":\"WebSite\",\"@id\":\"https:\/\/pre.qustodio.com\/es\/#website\",\"url\":\"https:\/\/pre.qustodio.com\/es\/\",\"name\":\"Qustodio\",\"description\":\"Free parental control app\",\"potentialAction\":[{\"@type\":\"SearchAction\",\"target\":{\"@type\":\"EntryPoint\",\"urlTemplate\":\"https:\/\/pre.qustodio.com\/es\/?s={search_term_string}\"},\"query-input\":{\"@type\":\"PropertyValueSpecification\",\"valueRequired\":true,\"valueName\":\"search_term_string\"}}],\"inLanguage\":\"es\"}]}<\/script>\n<!-- \/ Yoast SEO Premium plugin. -->","yoast_head_json":{"title":"Contacto | Qustodio","robots":{"index":"noindex","follow":"follow","max-snippet":"max-snippet:-1","max-image-preview":"max-image-preview:large","max-video-preview":"max-video-preview:-1"},"og_locale":"es_ES","og_type":"article","og_title":"Contacto","og_url":"https:\/\/pre.qustodio.com\/es\/contacto\/","og_site_name":"Qustodio","article_modified_time":"2024-02-09T11:26:39+00:00","twitter_card":"summary_large_image","twitter_misc":{"Tiempo de lectura":"2 minutos"},"schema":{"@context":"https:\/\/schema.org","@graph":[{"@type":"WebPage","@id":"https:\/\/pre.qustodio.com\/es\/contacto\/","url":"https:\/\/pre.qustodio.com\/es\/contacto\/","name":"Contacto | Qustodio","isPartOf":{"@id":"https:\/\/pre.qustodio.com\/es\/#website"},"datePublished":"2021-07-28T11:43:49+00:00","dateModified":"2024-02-09T11:26:39+00:00","inLanguage":"es","potentialAction":[{"@type":"ReadAction","target":["https:\/\/pre.qustodio.com\/es\/contacto\/"]}]},{"@type":"WebSite","@id":"https:\/\/pre.qustodio.com\/es\/#website","url":"https:\/\/pre.qustodio.com\/es\/","name":"Qustodio","description":"Free parental control app","potentialAction":[{"@type":"SearchAction","target":{"@type":"EntryPoint","urlTemplate":"https:\/\/pre.qustodio.com\/es\/?s={search_term_string}"},"query-input":{"@type":"PropertyValueSpecification","valueRequired":true,"valueName":"search_term_string"}}],"inLanguage":"es"}]}},"_links":{"self":[{"href":"https:\/\/pre.qustodio.com\/es\/wp-json\/wp\/v2\/pages\/573","targetHints":{"allow":["GET"]}}],"collection":[{"href":"https:\/\/pre.qustodio.com\/es\/wp-json\/wp\/v2\/pages"}],"about":[{"href":"https:\/\/pre.qustodio.com\/es\/wp-json\/wp\/v2\/types\/page"}],"author":[{"embeddable":true,"href":"https:\/\/pre.qustodio.com\/es\/wp-json\/wp\/v2\/users\/5"}],"replies":[{"embeddable":true,"href":"https:\/\/pre.qustodio.com\/es\/wp-json\/wp\/v2\/comments?post=573"}],"version-history":[{"count":12,"href":"https:\/\/pre.qustodio.com\/es\/wp-json\/wp\/v2\/pages\/573\/revisions"}],"predecessor-version":[{"id":58902,"href":"https:\/\/pre.qustodio.com\/es\/wp-json\/wp\/v2\/pages\/573\/revisions\/58902"}],"wp:attachment":[{"href":"https:\/\/pre.qustodio.com\/es\/wp-json\/wp\/v2\/media?parent=573"}],"curies":[{"name":"wp","href":"https:\/\/api.w.org\/{rel}","templated":true}]}}