{"id":90068,"date":"2025-07-17T09:48:46","date_gmt":"2025-07-17T09:48:46","guid":{"rendered":"https:\/\/pre.qustodio.com\/accessibility\/"},"modified":"2025-07-21T13:38:38","modified_gmt":"2025-07-21T13:38:38","slug":"accessibility","status":"publish","type":"page","link":"https:\/\/pre.qustodio.com\/es\/accessibility\/","title":{"rendered":"Website accessibility statement"},"content":{"rendered":"<p>[et_pb_section fb_built=\u00bb1&#8243; _builder_version=\u00bb4.16&#8243; custom_padding=\u00bb48px||48px||false|false\u00bb da_disable_devices=\u00bboff|off|off\u00bb global_colors_info=\u00bb{}\u00bb da_is_popup=\u00bboff\u00bb da_exit_intent=\u00bboff\u00bb da_has_close=\u00bbon\u00bb da_alt_close=\u00bboff\u00bb da_dark_close=\u00bboff\u00bb da_not_modal=\u00bbon\u00bb da_is_singular=\u00bboff\u00bb da_with_loader=\u00bboff\u00bb da_has_shadow=\u00bbon\u00bb][et_pb_row _builder_version=\u00bb4.16&#8243; background_size=\u00bbinitial\u00bb background_position=\u00bbtop_left\u00bb background_repeat=\u00bbrepeat\u00bb global_colors_info=\u00bb{}\u00bb][et_pb_column type=\u00bb4_4&#8243; _builder_version=\u00bb4.16&#8243; custom_padding=\u00bb|||\u00bb global_colors_info=\u00bb{}\u00bb custom_padding__hover=\u00bb|||\u00bb][et_pb_text _builder_version=\u00bb4.24.0&#8243; _module_preset=\u00bbdefault\u00bb hover_enabled=\u00bb0&#8243; global_colors_info=\u00bb{}\u00bb sticky_enabled=\u00bb0&#8243;]<\/p>\n<h1>Declaraci\u00f3n de accesibilidad<\/h1>\n<p>[\/et_pb_text][et_pb_text _builder_version=\u00bb4.24.0&#8243; _module_preset=\u00bbdefault\u00bb hover_enabled=\u00bb0&#8243; global_colors_info=\u00bb{}\u00bb sticky_enabled=\u00bb0&#8243;]<\/p>\n<h2>Declaraci\u00f3n de accesibilidad del sitio web<\/h2>\n<p>[\/et_pb_text][et_pb_text _builder_version=\u00bb4.24.0&#8243; _module_preset=\u00bbdefault\u00bb hover_enabled=\u00bb0&#8243; global_colors_info=\u00bb{}\u00bb sticky_enabled=\u00bb0&#8243;]<\/p>\n<p>El sitio web Qustodio.com contiene informaci\u00f3n sobre nuestra soluci\u00f3n de control parental y bienestar digital para familias y permite a los usuarios acceder a su descarga.<\/p>\n<p>La estructura de la p\u00e1gina est\u00e1 dise\u00f1ada para facilitar la navegaci\u00f3n e incluye un men\u00fa permanentemente visible en la parte superior en el que los usuarios pueden encontrar enlaces a las principales secciones del sitio, incluidas las funciones del producto, los planes de precios y otro tipo de recursos.<\/p>\n<p>Si deseas obtener m\u00e1s informaci\u00f3n sobre c\u00f3mo funciona nuestro producto, las funciones que ofrece, el proceso de configuraci\u00f3n de la aplicaci\u00f3n o los pasos que debes seguir para descargar Qustodio en el dispositivo de tu hijo, visita la secci\u00f3n Producto que encontrar\u00e1s en dicho men\u00fa de navegaci\u00f3n.<\/p>\n<p>Si deseas consultar la lista de planes y las funciones que incluye cada uno, visita la p\u00e1gina <a href=\"https:\/\/pre.qustodio.com\/es\/premium\/\">Precios.<\/a><\/p>\n<p>Si deseas acceder a los art\u00edculos de nuestro blog \u2014entre los que se incluyen recomendaciones sobre nuestro <a href=\"https:\/\/pre.qustodio.com\/es\/blog\/category\/product-tips-es\/\">producto<\/a>, <a href=\"https:\/\/pre.qustodio.com\/es\/blog\/category\/parenting-tips-es\/\">consejos para los padres<\/a> o <a href=\"https:\/\/pre.qustodio.com\/en\/blog\/category\/app-safety-and-reviews\/\">gu\u00edas de seguridad<\/a>\u2014 o conocer las historias de algunos de nuestros clientes, haz clic en la secci\u00f3n Centro de aprendizaje.<\/p>\n<p>El sitio web tambi\u00e9n pone a disposici\u00f3n de las familias un extenso Centro de ayuda dise\u00f1ado para ayudarles a familiarizarse con la aplicaci\u00f3n en el que encontrar\u00e1s m\u00e1s informaci\u00f3n sobre las funciones de nuestro producto y c\u00f3mo utilizarlas.<br \/>Los usuarios pueden crear o acceder a su cuenta de Qustodio a trav\u00e9s de un proceso de inicio de sesi\u00f3n seguro.<\/p>\n<p>El sitio es compatible con dispositivos m\u00f3viles y cuenta con un dise\u00f1o adaptativo capaz de ajustarse tanto a smartphones como a tabletas. Adem\u00e1s, respetamos las pr\u00e1cticas recomendadas de accesibilidad para asegurarnos de que todos los usuarios pueden acceder al contenido.<\/p>\n<p>[\/et_pb_text][et_pb_text _builder_version=\u00bb4.24.0&#8243; _module_preset=\u00bbdefault\u00bb header_line_height=\u00bb1.6em\u00bb hover_enabled=\u00bb0&#8243; global_colors_info=\u00bb{}\u00bb sticky_enabled=\u00bb0&#8243;]En Qustodio estamos convencidos de que la accesibilidad digital es un aspecto fundamental para poder ofrecer una experiencia inclusiva a todos los usuarios. Nos hemos comprometido a garantizar el acceso al sitio web por parte de personas con todo tipo de capacidades, tal y como establecen los principales est\u00e1ndares internacionales.[\/et_pb_text][et_pb_text _builder_version=\u00bb4.24.0&#8243; _module_preset=\u00bbdefault\u00bb hover_enabled=\u00bb0&#8243; global_colors_info=\u00bb{}\u00bb sticky_enabled=\u00bb0&#8243;]<\/p>\n<h2>Estado de conformidad <\/h2>\n<p>Trabajamos de forma activa para asegurar el cumplimiento de las Pautas de accesibilidad al contenido (WCAG) 2.1, nivel AA. Si bien a\u00fan no hemos alcanzado la plena conformidad, auditamos y realizamos continuamente nuevas mejoras en la plataforma para solventar las barreras que dificultan la accesibilidad y facilitar su uso por parte de todos los usuarios.[\/et_pb_text][et_pb_text _builder_version=\u00bb4.24.0&#8243; _module_preset=\u00bbdefault\u00bb hover_enabled=\u00bb0&#8243; global_colors_info=\u00bb{}\u00bb sticky_enabled=\u00bb0&#8243;]<\/p>\n<h2>Nuestro enfoque<\/h2>\n<p>Nuestras evaluaciones de accesibilidad combinan:<\/p>\n<ul>\n<li>Herramientas automatizadas: Axe, WAVE, Lighthouse, HTML Validator.<\/li>\n<li>Pruebas manuales: navegaci\u00f3n mediante el teclado, uso de lectores de pantalla.<\/li>\n<li>Revisiones de la estructura del sitio: uso de HTML sem\u00e1ntico, roles de ARIA y verificaci\u00f3n del etiquetado.<\/li>\n<\/ul>\n<p>[\/et_pb_text][et_pb_text _builder_version=\u00bb4.24.0&#8243; _module_preset=\u00bbdefault\u00bb hover_enabled=\u00bb0&#8243; global_colors_info=\u00bb{}\u00bb sticky_enabled=\u00bb0&#8243;]<\/p>\n<h2>Estado actual de la accesibilidad<\/h2>\n<p>Hemos llevado a cabo varias mejoras en la plataforma con el fin de garantizar la accesibilidad. Comprobamos que los usuarios puedan navegar \u00edntegramente por todas las secciones del sitio a trav\u00e9s del teclado, y hay visibles varios indicadores de foco para ayudarles a identificar su posici\u00f3n en la pantalla. Las im\u00e1genes y los iconos m\u00e1s importantes incluyen texto alternativo, y los enlaces y los botones est\u00e1n claramente etiquetados para describir su finalidad. Asimismo, nos aseguramos de que el color no sea la \u00fanica forma de transmitir la informaci\u00f3n y evitamos incluir contenidos parpadeantes que puedan desencadenar ataques epil\u00e9pticos. Los atributos de idioma y los t\u00edtulos de los documentos est\u00e1n correctamente configurados, y la interfaz es accesible desde los principales lectores de pantalla utilizando los flujos de trabajo m\u00e1s habituales.[\/et_pb_text][et_pb_text _builder_version=\u00bb4.24.0&#8243; _module_preset=\u00bbdefault\u00bb hover_enabled=\u00bb0&#8243; global_colors_info=\u00bb{}\u00bb sticky_enabled=\u00bb0&#8243;]<\/p>\n<h2>\u00c1reas de inter\u00e9s <\/h2>\n<p>Continuamos trabajando para optimizar varios aspectos de la experiencia de usuario. En concreto, estamos ajustando la relaci\u00f3n de contraste de las diferentes secciones de la interfaz para adecuarla a los est\u00e1ndares de legibilidad, lo que contribuir\u00e1 a mejorar la forma de presentar y resolver los errores de validaci\u00f3n de los formularios y nos permitir\u00e1 asegurarnos de que las actualizaciones din\u00e1micas de contenido se transmitan a las tecnolog\u00edas de apoyo. Adem\u00e1s, estamos revisando la estructura de los encabezados y reforzando las relaciones program\u00e1ticas entre los campos de los formularios y sus etiquetas para garantizar su claridad y facilitar la navegaci\u00f3n.[\/et_pb_text][et_pb_text _builder_version=\u00bb4.24.0&#8243; _module_preset=\u00bbdefault\u00bb hover_enabled=\u00bb0&#8243; global_colors_info=\u00bb{}\u00bb sticky_enabled=\u00bb0&#8243;]<\/p>\n<h2>Nuestro compromiso de seguir mejorando<\/h2>\n<p>Facilitar la accesibilidad es un proceso continuo. Revisamos, probamos y mejoramos peri\u00f3dicamente nuestras experiencias digitales como parte de nuestro ciclo de desarrollo. Las nuevas funciones se someten a revisiones de accesibilidad antes de su lanzamiento, y siempre procuramos dar prioridad a las correcciones en funci\u00f3n de su impacto. [\/et_pb_text][et_pb_text _builder_version=\u00bb4.24.0&#8243; _module_preset=\u00bbdefault\u00bb hover_enabled=\u00bb0&#8243; global_colors_info=\u00bb{}\u00bb sticky_enabled=\u00bb0&#8243;]<\/p>\n<h2>Sugerencias y comentarios<\/h2>\n<p>Si tienes alguna dificultad para acceder al contenido o deseas enviarnos alguna sugerencia sobre c\u00f3mo mejorarlo, no dudes en ponerte en contacto con nosotros:<\/p>\n<p>Correo electr\u00f3nico: accessibility@qustodio.com.<br \/>Tiempo de respuesta: un plazo m\u00e1ximo de 15 d\u00edas laborables.<\/p>\n<p><em>Esta p\u00e1gina se actualiz\u00f3 por \u00faltima vez el 22 de junio de 2025.<\/em><\/p>\n<p>[\/et_pb_text][\/et_pb_column][\/et_pb_row][\/et_pb_section]<\/p>\n","protected":false},"excerpt":{"rendered":"<p>Declaraci\u00f3n de accesibilidadDeclaraci\u00f3n de accesibilidad del sitio webEl sitio web Qustodio.com contiene informaci\u00f3n sobre nuestra soluci\u00f3n de control parental y bienestar digital para familias y permite a los usuarios acceder a su descarga. La estructura de la p\u00e1gina est\u00e1 dise\u00f1ada para facilitar la navegaci\u00f3n e incluye un men\u00fa permanentemente visible en la parte superior en [&hellip;]<\/p>\n","protected":false},"author":35,"featured_media":0,"parent":0,"menu_order":0,"comment_status":"closed","ping_status":"closed","template":"","meta":{"_acf_changed":false,"_et_pb_use_builder":"on","_et_pb_old_content":"","_et_gb_content_width":"","footnotes":""},"class_list":["post-90068","page","type-page","status-publish","hentry"],"acf":[],"yoast_head":"<!-- This site is optimized with the Yoast SEO Premium plugin v25.8 (Yoast SEO v25.8) - https:\/\/yoast.com\/wordpress\/plugins\/seo\/ -->\n<title>Website accessibility statement | Qustodio<\/title>\n<meta name=\"robots\" content=\"noindex, follow, max-snippet:-1, max-image-preview:large, max-video-preview:-1\" \/>\n<meta property=\"og:locale\" content=\"es_ES\" \/>\n<meta property=\"og:type\" content=\"article\" \/>\n<meta property=\"og:title\" content=\"Website accessibility statement\" \/>\n<meta property=\"og:url\" content=\"https:\/\/pre.qustodio.com\/es\/accessibility\/\" \/>\n<meta property=\"og:site_name\" content=\"Qustodio\" \/>\n<meta property=\"article:modified_time\" content=\"2025-07-21T13:38:38+00:00\" \/>\n<meta name=\"twitter:card\" content=\"summary_large_image\" \/>\n<meta name=\"twitter:label1\" content=\"Tiempo de lectura\" \/>\n\t<meta name=\"twitter:data1\" content=\"3 minutos\" \/>\n<script type=\"application\/ld+json\" class=\"yoast-schema-graph\">{\"@context\":\"https:\/\/schema.org\",\"@graph\":[{\"@type\":\"WebPage\",\"@id\":\"https:\/\/pre.qustodio.com\/es\/accessibility\/\",\"url\":\"https:\/\/pre.qustodio.com\/es\/accessibility\/\",\"name\":\"Website accessibility statement | Qustodio\",\"isPartOf\":{\"@id\":\"https:\/\/pre.qustodio.com\/es\/#website\"},\"datePublished\":\"2025-07-17T09:48:46+00:00\",\"dateModified\":\"2025-07-21T13:38:38+00:00\",\"inLanguage\":\"es\",\"potentialAction\":[{\"@type\":\"ReadAction\",\"target\":[\"https:\/\/pre.qustodio.com\/es\/accessibility\/\"]}]},{\"@type\":\"WebSite\",\"@id\":\"https:\/\/pre.qustodio.com\/es\/#website\",\"url\":\"https:\/\/pre.qustodio.com\/es\/\",\"name\":\"Qustodio\",\"description\":\"Free parental control app\",\"potentialAction\":[{\"@type\":\"SearchAction\",\"target\":{\"@type\":\"EntryPoint\",\"urlTemplate\":\"https:\/\/pre.qustodio.com\/es\/?s={search_term_string}\"},\"query-input\":{\"@type\":\"PropertyValueSpecification\",\"valueRequired\":true,\"valueName\":\"search_term_string\"}}],\"inLanguage\":\"es\"}]}<\/script>\n<!-- \/ Yoast SEO Premium plugin. -->","yoast_head_json":{"title":"Website accessibility statement | Qustodio","robots":{"index":"noindex","follow":"follow","max-snippet":"max-snippet:-1","max-image-preview":"max-image-preview:large","max-video-preview":"max-video-preview:-1"},"og_locale":"es_ES","og_type":"article","og_title":"Website accessibility statement","og_url":"https:\/\/pre.qustodio.com\/es\/accessibility\/","og_site_name":"Qustodio","article_modified_time":"2025-07-21T13:38:38+00:00","twitter_card":"summary_large_image","twitter_misc":{"Tiempo de lectura":"3 minutos"},"schema":{"@context":"https:\/\/schema.org","@graph":[{"@type":"WebPage","@id":"https:\/\/pre.qustodio.com\/es\/accessibility\/","url":"https:\/\/pre.qustodio.com\/es\/accessibility\/","name":"Website accessibility statement | Qustodio","isPartOf":{"@id":"https:\/\/pre.qustodio.com\/es\/#website"},"datePublished":"2025-07-17T09:48:46+00:00","dateModified":"2025-07-21T13:38:38+00:00","inLanguage":"es","potentialAction":[{"@type":"ReadAction","target":["https:\/\/pre.qustodio.com\/es\/accessibility\/"]}]},{"@type":"WebSite","@id":"https:\/\/pre.qustodio.com\/es\/#website","url":"https:\/\/pre.qustodio.com\/es\/","name":"Qustodio","description":"Free parental control app","potentialAction":[{"@type":"SearchAction","target":{"@type":"EntryPoint","urlTemplate":"https:\/\/pre.qustodio.com\/es\/?s={search_term_string}"},"query-input":{"@type":"PropertyValueSpecification","valueRequired":true,"valueName":"search_term_string"}}],"inLanguage":"es"}]}},"_links":{"self":[{"href":"https:\/\/pre.qustodio.com\/es\/wp-json\/wp\/v2\/pages\/90068","targetHints":{"allow":["GET"]}}],"collection":[{"href":"https:\/\/pre.qustodio.com\/es\/wp-json\/wp\/v2\/pages"}],"about":[{"href":"https:\/\/pre.qustodio.com\/es\/wp-json\/wp\/v2\/types\/page"}],"author":[{"embeddable":true,"href":"https:\/\/pre.qustodio.com\/es\/wp-json\/wp\/v2\/users\/35"}],"replies":[{"embeddable":true,"href":"https:\/\/pre.qustodio.com\/es\/wp-json\/wp\/v2\/comments?post=90068"}],"version-history":[{"count":2,"href":"https:\/\/pre.qustodio.com\/es\/wp-json\/wp\/v2\/pages\/90068\/revisions"}],"predecessor-version":[{"id":90070,"href":"https:\/\/pre.qustodio.com\/es\/wp-json\/wp\/v2\/pages\/90068\/revisions\/90070"}],"wp:attachment":[{"href":"https:\/\/pre.qustodio.com\/es\/wp-json\/wp\/v2\/media?parent=90068"}],"curies":[{"name":"wp","href":"https:\/\/api.w.org\/{rel}","templated":true}]}}