{"id":568,"date":"2021-07-28T11:43:49","date_gmt":"2021-07-28T11:43:49","guid":{"rendered":"https:\/\/pre.qustodio.com\/contact-us\/"},"modified":"2024-02-09T11:16:51","modified_gmt":"2024-02-09T11:16:51","slug":"contactez-nous","status":"publish","type":"page","link":"https:\/\/pre.qustodio.com\/fr\/contactez-nous\/","title":{"rendered":"Contactez-nous | Qustodio"},"content":{"rendered":"<p>[et_pb_section fb_built=\u00a0\u00bb1&Prime; _builder_version=\u00a0\u00bb4.16&Prime; _module_preset=\u00a0\u00bbdefault\u00a0\u00bb da_disable_devices=\u00a0\u00bboff|off|off\u00a0\u00bb global_colors_info=\u00a0\u00bb{}\u00a0\u00bb da_is_popup=\u00a0\u00bboff\u00a0\u00bb da_exit_intent=\u00a0\u00bboff\u00a0\u00bb da_has_close=\u00a0\u00bbon\u00a0\u00bb da_alt_close=\u00a0\u00bboff\u00a0\u00bb da_dark_close=\u00a0\u00bboff\u00a0\u00bb da_not_modal=\u00a0\u00bbon\u00a0\u00bb da_is_singular=\u00a0\u00bboff\u00a0\u00bb da_with_loader=\u00a0\u00bboff\u00a0\u00bb da_has_shadow=\u00a0\u00bbon\u00a0\u00bb][et_pb_row _builder_version=\u00a0\u00bb4.16&Prime; _module_preset=\u00a0\u00bbdefault\u00a0\u00bb global_colors_info=\u00a0\u00bb{}\u00a0\u00bb][et_pb_column type=\u00a0\u00bb4_4&Prime; _builder_version=\u00a0\u00bb4.16&Prime; _module_preset=\u00a0\u00bbdefault\u00a0\u00bb global_colors_info=\u00a0\u00bb{}\u00a0\u00bb][et_pb_text _builder_version=\u00a0\u00bb4.16&Prime; _module_preset=\u00a0\u00bbdefault\u00a0\u00bb global_colors_info=\u00a0\u00bb{}\u00a0\u00bb]<\/p>\n<h1 style=\"text-align: center;\">Contactez-nous<\/h1>\n<p>[\/et_pb_text][\/et_pb_column][\/et_pb_row][et_pb_row column_structure=\u00a0\u00bb1_2,1_4,1_4&Prime; _builder_version=\u00a0\u00bb4.16&Prime; _module_preset=\u00a0\u00bbdefault\u00a0\u00bb global_colors_info=\u00a0\u00bb{}\u00a0\u00bb][et_pb_column type=\u00a0\u00bb1_2&Prime; _builder_version=\u00a0\u00bb4.16&Prime; _module_preset=\u00a0\u00bbdefault\u00a0\u00bb global_colors_info=\u00a0\u00bb{}\u00a0\u00bb][et_pb_text _builder_version=\u00a0\u00bb4.16&Prime; _module_preset=\u00a0\u00bbdefault\u00a0\u00bb global_colors_info=\u00a0\u00bb{}\u00a0\u00bb]<\/p>\n<h3>Assistance client<\/h3>\n<p>Pour obtenir une assistance technique, veuillez consulter notre page <a href=\"https:\/\/help.qustodio.com\/\">Aide<\/a>. Vous y trouverez les r\u00e9ponses aux questions les plus fr\u00e9quentes de nos utilisateurs.<\/p>\n<p>[\/et_pb_text][\/et_pb_column][et_pb_column type=\u00a0\u00bb1_4&Prime; _builder_version=\u00a0\u00bb4.16&Prime; _module_preset=\u00a0\u00bbdefault\u00a0\u00bb global_colors_info=\u00a0\u00bb{}\u00a0\u00bb][et_pb_text _builder_version=\u00a0\u00bb4.16&Prime; _module_preset=\u00a0\u00bbdefault\u00a0\u00bb global_colors_info=\u00a0\u00bb{}\u00a0\u00bb]<\/p>\n<p><strong>Bureau aux \u00c9tats-Unis<\/strong><br \/><span>227 W Trade St #1100<\/span><br \/><span>Carillon Tower<\/span><br \/><span>Charlotte, NC 28202 USA<\/span><\/p>\n<p>[\/et_pb_text][\/et_pb_column][et_pb_column type=\u00a0\u00bb1_4&Prime; _builder_version=\u00a0\u00bb4.16&Prime; _module_preset=\u00a0\u00bbdefault\u00a0\u00bb global_colors_info=\u00a0\u00bb{}\u00a0\u00bb][et_pb_text _builder_version=\u00a0\u00bb4.16&Prime; _module_preset=\u00a0\u00bbdefault\u00a0\u00bb global_colors_info=\u00a0\u00bb{}\u00a0\u00bb]<\/p>\n<p><strong>Bureau en Europe<\/strong><br \/>Roger de Flor 193, 08013 Barcelona, Espagne<\/p>\n<p>[\/et_pb_text][\/et_pb_column][\/et_pb_row][et_pb_row column_structure=\u00a0\u00bb1_2,1_2&Prime; _builder_version=\u00a0\u00bb4.16&Prime; _module_preset=\u00a0\u00bbdefault\u00a0\u00bb custom_padding=\u00a0\u00bb2px|||||\u00a0\u00bb global_colors_info=\u00a0\u00bb{}\u00a0\u00bb][et_pb_column type=\u00a0\u00bb1_2&Prime; _builder_version=\u00a0\u00bb4.16&Prime; _module_preset=\u00a0\u00bbdefault\u00a0\u00bb global_colors_info=\u00a0\u00bb{}\u00a0\u00bb][et_pb_text _builder_version=\u00a0\u00bb4.16&Prime; _module_preset=\u00a0\u00bbdefault\u00a0\u00bb global_colors_info=\u00a0\u00bb{}\u00a0\u00bb]<\/p>\n<h3>Possibilit\u00e9s de partenariats<\/h3>\n<p><span>Si vous \u00eates un particulier ou une entreprise et que vous souhaitez faire la promotion de Qustodio, vous pouvez candidater \u00e0 notre programme de partenariat. Pour obtenir plus de d\u00e9tails, rendez-vous sur la <\/span><a href=\"https:\/\/pre.qustodio.com\/fr\/affiliate-program\/\"><span>page d\u00e9di\u00e9e<\/span><\/a><span>.<\/span><\/p>\n<h3>Carri\u00e8re<\/h3>\n<p>Vous souhaitez rejoindre notre \u00e9quipe ? Qustodio est une entreprise en pleine croissance \u00e0 la recherche de nouveaux talents. Rendez-vous sur notre\u00a0<a href=\"https:\/\/pre.qustodio.com\/en\/careers\/\">page Carri\u00e8re<\/a>.<\/p>\n<p>&nbsp;<\/p>\n<p>Pour toute autre demande, veuillez nous contacter \u00e0 l&rsquo;adresse\u00a0<a href=\"mailto:info@qustodio.com\">info@qustodio.com<\/a>.<\/p>\n<p>[\/et_pb_text][\/et_pb_column][et_pb_column type=\u00a0\u00bb1_2&Prime; _builder_version=\u00a0\u00bb4.16&Prime; _module_preset=\u00a0\u00bbdefault\u00a0\u00bb global_colors_info=\u00a0\u00bb{}\u00a0\u00bb][et_pb_map address=\u00a0\u00bbCarrer de Roger de Flor, 193, 08013 Barcelona, Spain\u00a0\u00bb address_lat=\u00a0\u00bb41.4005556&Prime; address_lng=\u00a0\u00bb2.1701721&Prime; _builder_version=\u00a0\u00bb4.16&Prime; _module_preset=\u00a0\u00bbdefault\u00a0\u00bb global_colors_info=\u00a0\u00bb{}\u00a0\u00bb][et_pb_map_pin title=\u00a0\u00bbQustodio\u00a0\u00bb pin_address=\u00a0\u00bbCarrer de Roger de Flor, 193, 08013 Barcelona, Espa\u00f1a\u00a0\u00bb pin_address_lat=\u00a0\u00bb41.4005556&Prime; pin_address_lng=\u00a0\u00bb2.1701721&Prime; _builder_version=\u00a0\u00bb4.9.2&Prime; _module_preset=\u00a0\u00bbdefault\u00a0\u00bb qustodio_hide_and_show=\u00a0\u00bbshow\u00a0\u00bb global_colors_info=\u00a0\u00bb{}\u00a0\u00bb][\/et_pb_map_pin][\/et_pb_map][\/et_pb_column][\/et_pb_row][\/et_pb_section]<\/p>\n","protected":false},"excerpt":{"rendered":"<p>Contactez-nousAssistance client Pour obtenir une assistance technique, veuillez consulter notre page Aide. Vous y trouverez les r\u00e9ponses aux questions les plus fr\u00e9quentes de nos utilisateurs.Bureau aux \u00c9tats-Unis227 W Trade St #1100Carillon TowerCharlotte, NC 28202 USABureau en EuropeRoger de Flor 193, 08013 Barcelona, EspagnePossibilit\u00e9s de partenariats Si vous \u00eates un particulier ou une entreprise et que [&hellip;]<\/p>\n","protected":false},"author":5,"featured_media":0,"parent":0,"menu_order":0,"comment_status":"closed","ping_status":"closed","template":"","meta":{"_acf_changed":false,"_et_pb_use_builder":"on","_et_pb_old_content":"","_et_gb_content_width":"","footnotes":""},"class_list":["post-568","page","type-page","status-publish","hentry"],"acf":[],"yoast_head":"<!-- This site is optimized with the Yoast SEO Premium plugin v25.8 (Yoast SEO v25.8) - https:\/\/yoast.com\/wordpress\/plugins\/seo\/ -->\n<title>Contactez-nous | Qustodio | Qustodio<\/title>\n<meta name=\"description\" content=\"Pour obtenir une assistance technique, veuillez consulter notre page Aide. Vous y trouverez les r\u00e9ponses aux questions les plus fr\u00e9quentes de nos utilisateurs.\" \/>\n<meta name=\"robots\" content=\"noindex, follow, max-snippet:-1, max-image-preview:large, max-video-preview:-1\" \/>\n<meta property=\"og:locale\" content=\"fr_FR\" \/>\n<meta property=\"og:type\" content=\"article\" \/>\n<meta property=\"og:title\" content=\"Contactez-nous | Qustodio\" \/>\n<meta property=\"og:description\" content=\"Pour obtenir une assistance technique, veuillez consulter notre page Aide. Vous y trouverez les r\u00e9ponses aux questions les plus fr\u00e9quentes de nos utilisateurs.\" \/>\n<meta property=\"og:url\" content=\"https:\/\/pre.qustodio.com\/fr\/contactez-nous\/\" \/>\n<meta property=\"og:site_name\" content=\"Qustodio\" \/>\n<meta property=\"article:modified_time\" content=\"2024-02-09T11:16:51+00:00\" \/>\n<meta name=\"twitter:card\" content=\"summary_large_image\" \/>\n<meta name=\"twitter:label1\" content=\"Dur\u00e9e de lecture estim\u00e9e\" \/>\n\t<meta name=\"twitter:data1\" content=\"1 minute\" \/>\n<script type=\"application\/ld+json\" class=\"yoast-schema-graph\">{\"@context\":\"https:\/\/schema.org\",\"@graph\":[{\"@type\":\"WebPage\",\"@id\":\"https:\/\/pre.qustodio.com\/fr\/contactez-nous\/\",\"url\":\"https:\/\/pre.qustodio.com\/fr\/contactez-nous\/\",\"name\":\"Contactez-nous | Qustodio | Qustodio\",\"isPartOf\":{\"@id\":\"https:\/\/pre.qustodio.com\/fr\/#website\"},\"datePublished\":\"2021-07-28T11:43:49+00:00\",\"dateModified\":\"2024-02-09T11:16:51+00:00\",\"description\":\"Pour obtenir une assistance technique, veuillez consulter notre page Aide. Vous y trouverez les r\u00e9ponses aux questions les plus fr\u00e9quentes de nos utilisateurs.\",\"inLanguage\":\"fr-FR\",\"potentialAction\":[{\"@type\":\"ReadAction\",\"target\":[\"https:\/\/pre.qustodio.com\/fr\/contactez-nous\/\"]}]},{\"@type\":\"WebSite\",\"@id\":\"https:\/\/pre.qustodio.com\/fr\/#website\",\"url\":\"https:\/\/pre.qustodio.com\/fr\/\",\"name\":\"Qustodio\",\"description\":\"Free parental control app\",\"potentialAction\":[{\"@type\":\"SearchAction\",\"target\":{\"@type\":\"EntryPoint\",\"urlTemplate\":\"https:\/\/pre.qustodio.com\/fr\/?s={search_term_string}\"},\"query-input\":{\"@type\":\"PropertyValueSpecification\",\"valueRequired\":true,\"valueName\":\"search_term_string\"}}],\"inLanguage\":\"fr-FR\"}]}<\/script>\n<!-- \/ Yoast SEO Premium plugin. -->","yoast_head_json":{"title":"Contactez-nous | Qustodio | Qustodio","description":"Pour obtenir une assistance technique, veuillez consulter notre page Aide. Vous y trouverez les r\u00e9ponses aux questions les plus fr\u00e9quentes de nos utilisateurs.","robots":{"index":"noindex","follow":"follow","max-snippet":"max-snippet:-1","max-image-preview":"max-image-preview:large","max-video-preview":"max-video-preview:-1"},"og_locale":"fr_FR","og_type":"article","og_title":"Contactez-nous | Qustodio","og_description":"Pour obtenir une assistance technique, veuillez consulter notre page Aide. Vous y trouverez les r\u00e9ponses aux questions les plus fr\u00e9quentes de nos utilisateurs.","og_url":"https:\/\/pre.qustodio.com\/fr\/contactez-nous\/","og_site_name":"Qustodio","article_modified_time":"2024-02-09T11:16:51+00:00","twitter_card":"summary_large_image","twitter_misc":{"Dur\u00e9e de lecture estim\u00e9e":"1 minute"},"schema":{"@context":"https:\/\/schema.org","@graph":[{"@type":"WebPage","@id":"https:\/\/pre.qustodio.com\/fr\/contactez-nous\/","url":"https:\/\/pre.qustodio.com\/fr\/contactez-nous\/","name":"Contactez-nous | Qustodio | Qustodio","isPartOf":{"@id":"https:\/\/pre.qustodio.com\/fr\/#website"},"datePublished":"2021-07-28T11:43:49+00:00","dateModified":"2024-02-09T11:16:51+00:00","description":"Pour obtenir une assistance technique, veuillez consulter notre page Aide. Vous y trouverez les r\u00e9ponses aux questions les plus fr\u00e9quentes de nos utilisateurs.","inLanguage":"fr-FR","potentialAction":[{"@type":"ReadAction","target":["https:\/\/pre.qustodio.com\/fr\/contactez-nous\/"]}]},{"@type":"WebSite","@id":"https:\/\/pre.qustodio.com\/fr\/#website","url":"https:\/\/pre.qustodio.com\/fr\/","name":"Qustodio","description":"Free parental control app","potentialAction":[{"@type":"SearchAction","target":{"@type":"EntryPoint","urlTemplate":"https:\/\/pre.qustodio.com\/fr\/?s={search_term_string}"},"query-input":{"@type":"PropertyValueSpecification","valueRequired":true,"valueName":"search_term_string"}}],"inLanguage":"fr-FR"}]}},"_links":{"self":[{"href":"https:\/\/pre.qustodio.com\/fr\/wp-json\/wp\/v2\/pages\/568","targetHints":{"allow":["GET"]}}],"collection":[{"href":"https:\/\/pre.qustodio.com\/fr\/wp-json\/wp\/v2\/pages"}],"about":[{"href":"https:\/\/pre.qustodio.com\/fr\/wp-json\/wp\/v2\/types\/page"}],"author":[{"embeddable":true,"href":"https:\/\/pre.qustodio.com\/fr\/wp-json\/wp\/v2\/users\/5"}],"replies":[{"embeddable":true,"href":"https:\/\/pre.qustodio.com\/fr\/wp-json\/wp\/v2\/comments?post=568"}],"version-history":[{"count":7,"href":"https:\/\/pre.qustodio.com\/fr\/wp-json\/wp\/v2\/pages\/568\/revisions"}],"predecessor-version":[{"id":58901,"href":"https:\/\/pre.qustodio.com\/fr\/wp-json\/wp\/v2\/pages\/568\/revisions\/58901"}],"wp:attachment":[{"href":"https:\/\/pre.qustodio.com\/fr\/wp-json\/wp\/v2\/media?parent=568"}],"curies":[{"name":"wp","href":"https:\/\/api.w.org\/{rel}","templated":true}]}}