{"id":1741,"date":"2021-07-29T07:50:00","date_gmt":"2021-07-29T07:50:00","guid":{"rendered":"https:\/\/pre.qustodio.com\/legal-notice\/"},"modified":"2025-03-27T15:55:50","modified_gmt":"2025-03-27T15:55:50","slug":"legal-notice","status":"publish","type":"page","link":"https:\/\/pre.qustodio.com\/pt-br\/legal-notice\/","title":{"rendered":"Legal notice"},"content":{"rendered":"<p>[et_pb_section fb_built=&#8221;1&#8243; _builder_version=&#8221;4.16&#8243; _module_preset=&#8221;default&#8221; da_disable_devices=&#8221;off|off|off&#8221; global_colors_info=&#8221;{}&#8221; da_is_popup=&#8221;off&#8221; da_exit_intent=&#8221;off&#8221; da_has_close=&#8221;on&#8221; da_alt_close=&#8221;off&#8221; da_dark_close=&#8221;off&#8221; da_not_modal=&#8221;on&#8221; da_is_singular=&#8221;off&#8221; da_with_loader=&#8221;off&#8221; da_has_shadow=&#8221;on&#8221;][et_pb_row _builder_version=&#8221;4.16&#8243; _module_preset=&#8221;default&#8221; global_colors_info=&#8221;{}&#8221;][et_pb_column type=&#8221;4_4&#8243; _builder_version=&#8221;4.16&#8243; _module_preset=&#8221;default&#8221; global_colors_info=&#8221;{}&#8221;][et_pb_text _builder_version=&#8221;4.24.0&#8243; _module_preset=&#8221;default&#8221; hover_enabled=&#8221;0&#8243; global_colors_info=&#8221;{}&#8221; sticky_enabled=&#8221;0&#8243;]<\/p>\n<h1>Aviso Legal<\/h1>\n<h2>Quem somos<\/h2>\n<p>Voc\u00ea est\u00e1 acessando o site da Qustodio Technologies S.L. (\u201cQustodio\u201d, a \u201cEmpresa\u201d ou \u201cn\u00f3s\u201d) dispon\u00edvel em<span>\u00a0<\/span><a href=\"https:\/\/pre.qustodio.com\/\">pre.qustodio.com<\/a><span>\u00a0<\/span>(a seguir denominado &#8220;Site&#8221;).<\/p>\n<p>Qustodio Technologies S.L. est\u00e1 domiciliada na Rua Roger de Flor, 193, 08013 Barcelona, \u200b\u200bEspanha. Voc\u00ea pode entrar em contato conosco em:<span>\u00a0<\/span><a href=\"mailto:info@qustodio.com\">info@qustodio.com<\/a>.<\/p>\n<h2>Propriedade Intelectual e Industrial<\/h2>\n<p>Todos os direitos de propriedade intelectual sobre qualquer conte\u00fado deste Web Site, incluindo, sem limita\u00e7\u00e3o, imagens, marcas registradas, logotipos, sinais distintivos, sons e anima\u00e7\u00f5es, textos, grava\u00e7\u00f5es sonoras, visuais e audiovisuais, e os bancos de dados, s\u00e3o de propriedade da Empresa ou de seus licenciadores e s\u00e3o protegidos por leis nacionais e internacionais. Tais direitos s\u00e3o reservados em favor da Empresa e\/ou de seus licenciadores. Qualquer reprodu\u00e7\u00e3o, c\u00f3pia, publica\u00e7\u00e3o, distribui\u00e7\u00e3o, modifica\u00e7\u00e3o, transforma\u00e7\u00e3o, remo\u00e7\u00e3o, manuseio e qualquer outro uso, com ou sem lucro, de todo ou parte deste Web Site ou de qualquer um de seus conte\u00fados, sem a pr\u00e9via autoriza\u00e7\u00e3o expressa por escrito da Empresa \u00e9 expressamente proibida. A Qustodio poder\u00e1 exercer quaisquer a\u00e7\u00f5es legais e\/ou extrajudiciais que considere apropriadas, em caso de uma poss\u00edvel viola\u00e7\u00e3o de seus direitos.<\/p>\n<h2>Responsibility<\/h2>\n<p>A Qustodio n\u00e3o \u00e9 respons\u00e1vel por nenhuma p\u00e1gina de terceiros acess\u00edvel a partir do Site, nem pela precis\u00e3o, veracidade e validade das informa\u00e7\u00f5es do Site que n\u00e3o sejam de sua pr\u00f3pria elabora\u00e7\u00e3o.<\/p>\n<p>No entanto, em virtude do artigo 17 da Lei Espanhola 34\/2002, caso a Qustodio tenha conhecimento da ilicitude de tais conte\u00fados ou links, compromete-se a suprimir ou desabilitar os mesmos, bem como, se for o caso, a bloquear aqueles conte\u00fados que possam ser il\u00edcitos ou infringir direitos de terceiros, de acordo com os artigos 11 e 16 da referida Lei.<\/p>\n<p>Al\u00e9m disso, a Empresa n\u00e3o ser\u00e1 respons\u00e1vel pelos danos que possam ocorrer devido a falhas ou m\u00e1s configura\u00e7\u00f5es do navegador instalado pelo usu\u00e1rio em seu computador. A Qustodio n\u00e3o ser\u00e1 respons\u00e1vel por nenhum incidente t\u00e9cnico ou falha que ocorra quando o usu\u00e1rio se conectar \u00e0 Internet. Da mesma forma, n\u00e3o \u00e9 garantida a aus\u00eancia de interrup\u00e7\u00f5es ou erros no acesso ao site.<\/p>\n<p>Da mesma forma, a Qustodio reserva-se o direito de atualizar, modificar ou eliminar as informa\u00e7\u00f5es contidas no seu site, bem como a sua configura\u00e7\u00e3o ou apresenta\u00e7\u00e3o, a qualquer momento, sem assumir qualquer responsabilidade por isso.<\/p>\n<h2>Prote\u00e7\u00e3o de Dados Pessoais<\/h2>\n<p>Processaremos seus dados pessoais coletados em nosso site ou quando voc\u00ea nos contatar por e-mail de acordo com nossa<span>\u00a0<\/span><a href=\"https:\/\/pre.qustodio.com\/en\/business\/privacy\/\">pol\u00edtica de Privacidade<\/a>.<\/p>\n<h2>Cookies<\/h2>\n<p>Em nosso site usamos cookies, consulte nossa<span>\u00a0<\/span><a href=\"https:\/\/pre.qustodio.com\/en\/cookie-policy\/\">Pol\u00edtica de Cookies<br \/><\/a><span>\u00a0<\/span>para mais detalhes.<\/p>\n<h2>Qustodio Servi\u00e7os Familiares<\/h2>\n<p>Os servi\u00e7os oferecidos pela Qustodio Family s\u00e3o regulados por normas espec\u00edficas<br \/><span>\u00a0<\/span><a href=\"https:\/\/pre.qustodio.com\/en\/family\/terms\/\">Termos e Condi\u00e7\u00f5es<\/a><span>\u00a0<\/span>e<span>\u00a0<\/span><a href=\"https:\/\/pre.qustodio.com\/en\/family\/privacy\">pol\u00edtica de Privacidade<\/a>.<\/p>\n<h2><\/h2>\n<h2>Lei aplic\u00e1vel e jurisdi\u00e7\u00e3o<\/h2>\n<p>Este Aviso Legal, incluindo nossa Pol\u00edtica de Privacidade e Pol\u00edtica de Cookies, s\u00e3o regidos pelas leis espanholas. Os tribunais da cidade de Barcelona ser\u00e3o competentes para decidir qualquer controv\u00e9rsia decorrente do uso de nosso Website.<\/p>\n<p>[\/et_pb_text][\/et_pb_column][\/et_pb_row][\/et_pb_section]<\/p>\n","protected":false},"excerpt":{"rendered":"<p>Aviso Legal Quem somos Voc\u00ea est\u00e1 acessando o site da Qustodio Technologies S.L. (\u201cQustodio\u201d, a \u201cEmpresa\u201d ou \u201cn\u00f3s\u201d) dispon\u00edvel em\u00a0pre.qustodio.com\u00a0(a seguir denominado &#8220;Site&#8221;). Qustodio Technologies S.L. est\u00e1 domiciliada na Rua Roger de Flor, 193, 08013 Barcelona, \u200b\u200bEspanha. Voc\u00ea pode entrar em contato conosco em:\u00a0info@qustodio.com. Propriedade Intelectual e Industrial Todos os direitos de propriedade intelectual sobre [&hellip;]<\/p>\n","protected":false},"author":4,"featured_media":0,"parent":0,"menu_order":0,"comment_status":"closed","ping_status":"closed","template":"","meta":{"_acf_changed":false,"_et_pb_use_builder":"on","_et_pb_old_content":"","_et_gb_content_width":"","footnotes":""},"class_list":["post-1741","page","type-page","status-publish","hentry"],"acf":[],"yoast_head":"<!-- This site is optimized with the Yoast SEO Premium plugin v25.8 (Yoast SEO v25.8) - https:\/\/yoast.com\/wordpress\/plugins\/seo\/ -->\n<title>Legal notice | Qustodio<\/title>\n<meta name=\"robots\" content=\"noindex, follow, max-snippet:-1, max-image-preview:large, max-video-preview:-1\" \/>\n<meta property=\"og:locale\" content=\"pt_BR\" \/>\n<meta property=\"og:type\" content=\"article\" \/>\n<meta property=\"og:title\" content=\"Legal notice\" \/>\n<meta property=\"og:url\" content=\"https:\/\/pre.qustodio.com\/pt-br\/legal-notice\/\" \/>\n<meta property=\"og:site_name\" content=\"Qustodio\" \/>\n<meta property=\"article:modified_time\" content=\"2025-03-27T15:55:50+00:00\" \/>\n<meta name=\"twitter:card\" content=\"summary_large_image\" \/>\n<meta name=\"twitter:label1\" content=\"Est. tempo de leitura\" \/>\n\t<meta name=\"twitter:data1\" content=\"3 minutos\" \/>\n<script type=\"application\/ld+json\" class=\"yoast-schema-graph\">{\"@context\":\"https:\/\/schema.org\",\"@graph\":[{\"@type\":\"WebPage\",\"@id\":\"https:\/\/pre.qustodio.com\/pt-br\/legal-notice\/\",\"url\":\"https:\/\/pre.qustodio.com\/pt-br\/legal-notice\/\",\"name\":\"Legal notice | Qustodio\",\"isPartOf\":{\"@id\":\"https:\/\/pre.qustodio.com\/pt-br\/#website\"},\"datePublished\":\"2021-07-29T07:50:00+00:00\",\"dateModified\":\"2025-03-27T15:55:50+00:00\",\"inLanguage\":\"pt-BR\",\"potentialAction\":[{\"@type\":\"ReadAction\",\"target\":[\"https:\/\/pre.qustodio.com\/pt-br\/legal-notice\/\"]}]},{\"@type\":\"WebSite\",\"@id\":\"https:\/\/pre.qustodio.com\/pt-br\/#website\",\"url\":\"https:\/\/pre.qustodio.com\/pt-br\/\",\"name\":\"Qustodio\",\"description\":\"Free parental control app\",\"potentialAction\":[{\"@type\":\"SearchAction\",\"target\":{\"@type\":\"EntryPoint\",\"urlTemplate\":\"https:\/\/pre.qustodio.com\/pt-br\/?s={search_term_string}\"},\"query-input\":{\"@type\":\"PropertyValueSpecification\",\"valueRequired\":true,\"valueName\":\"search_term_string\"}}],\"inLanguage\":\"pt-BR\"}]}<\/script>\n<!-- \/ Yoast SEO Premium plugin. -->","yoast_head_json":{"title":"Legal notice | Qustodio","robots":{"index":"noindex","follow":"follow","max-snippet":"max-snippet:-1","max-image-preview":"max-image-preview:large","max-video-preview":"max-video-preview:-1"},"og_locale":"pt_BR","og_type":"article","og_title":"Legal notice","og_url":"https:\/\/pre.qustodio.com\/pt-br\/legal-notice\/","og_site_name":"Qustodio","article_modified_time":"2025-03-27T15:55:50+00:00","twitter_card":"summary_large_image","twitter_misc":{"Est. tempo de leitura":"3 minutos"},"schema":{"@context":"https:\/\/schema.org","@graph":[{"@type":"WebPage","@id":"https:\/\/pre.qustodio.com\/pt-br\/legal-notice\/","url":"https:\/\/pre.qustodio.com\/pt-br\/legal-notice\/","name":"Legal notice | Qustodio","isPartOf":{"@id":"https:\/\/pre.qustodio.com\/pt-br\/#website"},"datePublished":"2021-07-29T07:50:00+00:00","dateModified":"2025-03-27T15:55:50+00:00","inLanguage":"pt-BR","potentialAction":[{"@type":"ReadAction","target":["https:\/\/pre.qustodio.com\/pt-br\/legal-notice\/"]}]},{"@type":"WebSite","@id":"https:\/\/pre.qustodio.com\/pt-br\/#website","url":"https:\/\/pre.qustodio.com\/pt-br\/","name":"Qustodio","description":"Free parental control app","potentialAction":[{"@type":"SearchAction","target":{"@type":"EntryPoint","urlTemplate":"https:\/\/pre.qustodio.com\/pt-br\/?s={search_term_string}"},"query-input":{"@type":"PropertyValueSpecification","valueRequired":true,"valueName":"search_term_string"}}],"inLanguage":"pt-BR"}]}},"_links":{"self":[{"href":"https:\/\/pre.qustodio.com\/pt-br\/wp-json\/wp\/v2\/pages\/1741","targetHints":{"allow":["GET"]}}],"collection":[{"href":"https:\/\/pre.qustodio.com\/pt-br\/wp-json\/wp\/v2\/pages"}],"about":[{"href":"https:\/\/pre.qustodio.com\/pt-br\/wp-json\/wp\/v2\/types\/page"}],"author":[{"embeddable":true,"href":"https:\/\/pre.qustodio.com\/pt-br\/wp-json\/wp\/v2\/users\/4"}],"replies":[{"embeddable":true,"href":"https:\/\/pre.qustodio.com\/pt-br\/wp-json\/wp\/v2\/comments?post=1741"}],"version-history":[{"count":12,"href":"https:\/\/pre.qustodio.com\/pt-br\/wp-json\/wp\/v2\/pages\/1741\/revisions"}],"predecessor-version":[{"id":83585,"href":"https:\/\/pre.qustodio.com\/pt-br\/wp-json\/wp\/v2\/pages\/1741\/revisions\/83585"}],"wp:attachment":[{"href":"https:\/\/pre.qustodio.com\/pt-br\/wp-json\/wp\/v2\/media?parent=1741"}],"curies":[{"name":"wp","href":"https:\/\/api.w.org\/{rel}","templated":true}]}}