{"id":572,"date":"2021-07-28T11:43:49","date_gmt":"2021-07-28T11:43:49","guid":{"rendered":"https:\/\/pre.qustodio.com\/contact-us\/"},"modified":"2024-02-09T11:50:21","modified_gmt":"2024-02-09T11:50:21","slug":"contate-nos","status":"publish","type":"page","link":"https:\/\/pre.qustodio.com\/pt-br\/contate-nos\/","title":{"rendered":"Contate-nos"},"content":{"rendered":"<p>[et_pb_section fb_built=&#8221;1&#8243; _builder_version=&#8221;4.16&#8243; _module_preset=&#8221;default&#8221; da_disable_devices=&#8221;off|off|off&#8221; global_colors_info=&#8221;{}&#8221; da_is_popup=&#8221;off&#8221; da_exit_intent=&#8221;off&#8221; da_has_close=&#8221;on&#8221; da_alt_close=&#8221;off&#8221; da_dark_close=&#8221;off&#8221; da_not_modal=&#8221;on&#8221; da_is_singular=&#8221;off&#8221; da_with_loader=&#8221;off&#8221; da_has_shadow=&#8221;on&#8221;][et_pb_row _builder_version=&#8221;4.16&#8243; _module_preset=&#8221;default&#8221; global_colors_info=&#8221;{}&#8221;][et_pb_column type=&#8221;4_4&#8243; _builder_version=&#8221;4.16&#8243; _module_preset=&#8221;default&#8221; global_colors_info=&#8221;{}&#8221;][et_pb_text _builder_version=&#8221;4.16&#8243; _module_preset=&#8221;default&#8221; global_colors_info=&#8221;{}&#8221;]<\/p>\n<h1 style=\"text-align: center;\">Contate-nos<\/h1>\n<p>[\/et_pb_text][\/et_pb_column][\/et_pb_row][et_pb_row column_structure=&#8221;1_2,1_4,1_4&#8243; _builder_version=&#8221;4.16&#8243; _module_preset=&#8221;default&#8221; global_colors_info=&#8221;{}&#8221;][et_pb_column type=&#8221;1_2&#8243; _builder_version=&#8221;4.16&#8243; _module_preset=&#8221;default&#8221; global_colors_info=&#8221;{}&#8221;][et_pb_text _builder_version=&#8221;4.16&#8243; _module_preset=&#8221;default&#8221; global_colors_info=&#8221;{}&#8221;]<\/p>\n<h3>Atendimento ao cliente<\/h3>\n<p>Para obter suporte t\u00e9cnico, visite nossa se\u00e7\u00e3o de <a href=\"https:\/\/help.qustodio.com\/\">Ajuda<\/a>. Voc\u00ea encontrar\u00e1 respostas para as perguntas mais frequentes.<\/p>\n<p>[\/et_pb_text][\/et_pb_column][et_pb_column type=&#8221;1_4&#8243; _builder_version=&#8221;4.16&#8243; _module_preset=&#8221;default&#8221; global_colors_info=&#8221;{}&#8221;][et_pb_text _builder_version=&#8221;4.16&#8243; _module_preset=&#8221;default&#8221; global_colors_info=&#8221;{}&#8221;]<\/p>\n<p><strong>Escrit\u00f3rio nos EUA<\/strong><br \/><span>227 W Trade St #1100<\/span><br \/><span>Carillon Tower<\/span><br \/><span>Charlotte, NC 28202 USA<\/span><\/p>\n<p>[\/et_pb_text][\/et_pb_column][et_pb_column type=&#8221;1_4&#8243; _builder_version=&#8221;4.16&#8243; _module_preset=&#8221;default&#8221; global_colors_info=&#8221;{}&#8221;][et_pb_text _builder_version=&#8221;4.16&#8243; _module_preset=&#8221;default&#8221; global_colors_info=&#8221;{}&#8221;]<\/p>\n<p><strong>Escrit\u00f3rio na Europa<\/strong><br \/>Roger de Flor 193, 08013 Barcelona, Espanha<\/p>\n<p>[\/et_pb_text][\/et_pb_column][\/et_pb_row][et_pb_row column_structure=&#8221;1_2,1_2&#8243; _builder_version=&#8221;4.16&#8243; _module_preset=&#8221;default&#8221; custom_padding=&#8221;3px|||||&#8221; global_colors_info=&#8221;{}&#8221;][et_pb_column type=&#8221;1_2&#8243; _builder_version=&#8221;4.16&#8243; _module_preset=&#8221;default&#8221; global_colors_info=&#8221;{}&#8221;][et_pb_text _builder_version=&#8221;4.16&#8243; _module_preset=&#8221;default&#8221; global_colors_info=&#8221;{}&#8221;]<\/p>\n<h3>Oportunidades de parceria<\/h3>\n<p><span>Se voc\u00ea \u00e9 um indiv\u00edduo ou uma empresa e deseja promover o Qustodio, pode se inscrever em nosso programa de afiliados. Para mais detalhes, acesse nossa <\/span><a href=\"https:\/\/pre.qustodio.com\/pt-br\/affiliate-program\/\"><span>p\u00e1gina do programa de afiliados<\/span><\/a><span>.<\/span><\/p>\n<h3>Carreiras<\/h3>\n<p>Quer fazer parte da nossa equipe? O Qustodio \u00e9 uma empresa em crescimento que tem espa\u00e7o para novas mentes brilhantes. Confira a nossa\u00a0<a href=\"https:\/\/pre.qustodio.com\/pt\/careers\/\">p\u00e1gina de Carreiras<\/a>.<\/p>\n<p>&nbsp;<\/p>\n<p>Se tiver qualquer outra d\u00favida, entre em contato conosco em\u00a0<a href=\"mailto:info@qustodio.com\">info@qustodio.com<\/a>.<\/p>\n<p>[\/et_pb_text][\/et_pb_column][et_pb_column type=&#8221;1_2&#8243; _builder_version=&#8221;4.16&#8243; _module_preset=&#8221;default&#8221; global_colors_info=&#8221;{}&#8221;][et_pb_map address=&#8221;Carrer de Roger de Flor, 193, 08013 Barcelona, Spain&#8221; address_lat=&#8221;41.4005556&#8243; address_lng=&#8221;2.1701721&#8243; _builder_version=&#8221;4.16&#8243; _module_preset=&#8221;default&#8221; global_colors_info=&#8221;{}&#8221;][et_pb_map_pin title=&#8221;Qustodio&#8221; pin_address=&#8221;Carrer de Roger de Flor, 193, 08013 Barcelona, Espa\u00f1a&#8221; pin_address_lat=&#8221;41.4005556&#8243; pin_address_lng=&#8221;2.1701721&#8243; _builder_version=&#8221;4.9.2&#8243; _module_preset=&#8221;default&#8221; qustodio_hide_and_show=&#8221;show&#8221; global_colors_info=&#8221;{}&#8221;][\/et_pb_map_pin][\/et_pb_map][\/et_pb_column][\/et_pb_row][\/et_pb_section]<\/p>\n","protected":false},"excerpt":{"rendered":"<p>Contate-nosAtendimento ao cliente Para obter suporte t\u00e9cnico, visite nossa se\u00e7\u00e3o de Ajuda. Voc\u00ea encontrar\u00e1 respostas para as perguntas mais frequentes.Escrit\u00f3rio nos EUA227 W Trade St #1100Carillon TowerCharlotte, NC 28202 USAEscrit\u00f3rio na EuropaRoger de Flor 193, 08013 Barcelona, EspanhaOportunidades de parceria Se voc\u00ea \u00e9 um indiv\u00edduo ou uma empresa e deseja promover o Qustodio, pode se [&hellip;]<\/p>\n","protected":false},"author":5,"featured_media":0,"parent":0,"menu_order":0,"comment_status":"closed","ping_status":"closed","template":"","meta":{"_acf_changed":false,"_et_pb_use_builder":"on","_et_pb_old_content":"","_et_gb_content_width":"","footnotes":""},"class_list":["post-572","page","type-page","status-publish","hentry"],"acf":[],"yoast_head":"<!-- This site is optimized with the Yoast SEO Premium plugin v25.8 (Yoast SEO v25.8) - https:\/\/yoast.com\/wordpress\/plugins\/seo\/ -->\n<title>Contate-nos | Qustodio<\/title>\n<meta name=\"description\" content=\"Atendimento ao cliente. Para obter suporte t\u00e9cnico, visite nossa se\u00e7\u00e3o de Ajuda. Voc\u00ea encontrar\u00e1 respostas para as perguntas mais frequentes.\" \/>\n<meta name=\"robots\" content=\"noindex, follow, max-snippet:-1, max-image-preview:large, max-video-preview:-1\" \/>\n<meta property=\"og:locale\" content=\"pt_BR\" \/>\n<meta property=\"og:type\" content=\"article\" \/>\n<meta property=\"og:title\" content=\"Contate-nos\" \/>\n<meta property=\"og:description\" content=\"Atendimento ao cliente. Para obter suporte t\u00e9cnico, visite nossa se\u00e7\u00e3o de Ajuda. Voc\u00ea encontrar\u00e1 respostas para as perguntas mais frequentes.\" \/>\n<meta property=\"og:url\" content=\"https:\/\/pre.qustodio.com\/pt-br\/contate-nos\/\" \/>\n<meta property=\"og:site_name\" content=\"Qustodio\" \/>\n<meta property=\"article:modified_time\" content=\"2024-02-09T11:50:21+00:00\" \/>\n<meta name=\"twitter:card\" content=\"summary_large_image\" \/>\n<meta name=\"twitter:label1\" content=\"Est. tempo de leitura\" \/>\n\t<meta name=\"twitter:data1\" content=\"1 minuto\" \/>\n<script type=\"application\/ld+json\" class=\"yoast-schema-graph\">{\"@context\":\"https:\/\/schema.org\",\"@graph\":[{\"@type\":\"WebPage\",\"@id\":\"https:\/\/pre.qustodio.com\/pt-br\/contate-nos\/\",\"url\":\"https:\/\/pre.qustodio.com\/pt-br\/contate-nos\/\",\"name\":\"Contate-nos | Qustodio\",\"isPartOf\":{\"@id\":\"https:\/\/pre.qustodio.com\/pt-br\/#website\"},\"datePublished\":\"2021-07-28T11:43:49+00:00\",\"dateModified\":\"2024-02-09T11:50:21+00:00\",\"description\":\"Atendimento ao cliente. Para obter suporte t\u00e9cnico, visite nossa se\u00e7\u00e3o de Ajuda. Voc\u00ea encontrar\u00e1 respostas para as perguntas mais frequentes.\",\"inLanguage\":\"pt-BR\",\"potentialAction\":[{\"@type\":\"ReadAction\",\"target\":[\"https:\/\/pre.qustodio.com\/pt-br\/contate-nos\/\"]}]},{\"@type\":\"WebSite\",\"@id\":\"https:\/\/pre.qustodio.com\/pt-br\/#website\",\"url\":\"https:\/\/pre.qustodio.com\/pt-br\/\",\"name\":\"Qustodio\",\"description\":\"Free parental control app\",\"potentialAction\":[{\"@type\":\"SearchAction\",\"target\":{\"@type\":\"EntryPoint\",\"urlTemplate\":\"https:\/\/pre.qustodio.com\/pt-br\/?s={search_term_string}\"},\"query-input\":{\"@type\":\"PropertyValueSpecification\",\"valueRequired\":true,\"valueName\":\"search_term_string\"}}],\"inLanguage\":\"pt-BR\"}]}<\/script>\n<!-- \/ Yoast SEO Premium plugin. -->","yoast_head_json":{"title":"Contate-nos | Qustodio","description":"Atendimento ao cliente. Para obter suporte t\u00e9cnico, visite nossa se\u00e7\u00e3o de Ajuda. Voc\u00ea encontrar\u00e1 respostas para as perguntas mais frequentes.","robots":{"index":"noindex","follow":"follow","max-snippet":"max-snippet:-1","max-image-preview":"max-image-preview:large","max-video-preview":"max-video-preview:-1"},"og_locale":"pt_BR","og_type":"article","og_title":"Contate-nos","og_description":"Atendimento ao cliente. Para obter suporte t\u00e9cnico, visite nossa se\u00e7\u00e3o de Ajuda. Voc\u00ea encontrar\u00e1 respostas para as perguntas mais frequentes.","og_url":"https:\/\/pre.qustodio.com\/pt-br\/contate-nos\/","og_site_name":"Qustodio","article_modified_time":"2024-02-09T11:50:21+00:00","twitter_card":"summary_large_image","twitter_misc":{"Est. tempo de leitura":"1 minuto"},"schema":{"@context":"https:\/\/schema.org","@graph":[{"@type":"WebPage","@id":"https:\/\/pre.qustodio.com\/pt-br\/contate-nos\/","url":"https:\/\/pre.qustodio.com\/pt-br\/contate-nos\/","name":"Contate-nos | Qustodio","isPartOf":{"@id":"https:\/\/pre.qustodio.com\/pt-br\/#website"},"datePublished":"2021-07-28T11:43:49+00:00","dateModified":"2024-02-09T11:50:21+00:00","description":"Atendimento ao cliente. Para obter suporte t\u00e9cnico, visite nossa se\u00e7\u00e3o de Ajuda. Voc\u00ea encontrar\u00e1 respostas para as perguntas mais frequentes.","inLanguage":"pt-BR","potentialAction":[{"@type":"ReadAction","target":["https:\/\/pre.qustodio.com\/pt-br\/contate-nos\/"]}]},{"@type":"WebSite","@id":"https:\/\/pre.qustodio.com\/pt-br\/#website","url":"https:\/\/pre.qustodio.com\/pt-br\/","name":"Qustodio","description":"Free parental control app","potentialAction":[{"@type":"SearchAction","target":{"@type":"EntryPoint","urlTemplate":"https:\/\/pre.qustodio.com\/pt-br\/?s={search_term_string}"},"query-input":{"@type":"PropertyValueSpecification","valueRequired":true,"valueName":"search_term_string"}}],"inLanguage":"pt-BR"}]}},"_links":{"self":[{"href":"https:\/\/pre.qustodio.com\/pt-br\/wp-json\/wp\/v2\/pages\/572","targetHints":{"allow":["GET"]}}],"collection":[{"href":"https:\/\/pre.qustodio.com\/pt-br\/wp-json\/wp\/v2\/pages"}],"about":[{"href":"https:\/\/pre.qustodio.com\/pt-br\/wp-json\/wp\/v2\/types\/page"}],"author":[{"embeddable":true,"href":"https:\/\/pre.qustodio.com\/pt-br\/wp-json\/wp\/v2\/users\/5"}],"replies":[{"embeddable":true,"href":"https:\/\/pre.qustodio.com\/pt-br\/wp-json\/wp\/v2\/comments?post=572"}],"version-history":[{"count":13,"href":"https:\/\/pre.qustodio.com\/pt-br\/wp-json\/wp\/v2\/pages\/572\/revisions"}],"predecessor-version":[{"id":58904,"href":"https:\/\/pre.qustodio.com\/pt-br\/wp-json\/wp\/v2\/pages\/572\/revisions\/58904"}],"wp:attachment":[{"href":"https:\/\/pre.qustodio.com\/pt-br\/wp-json\/wp\/v2\/media?parent=572"}],"curies":[{"name":"wp","href":"https:\/\/api.w.org\/{rel}","templated":true}]}}